{"id":1062,"date":"2021-01-26T16:18:34","date_gmt":"2021-01-26T16:18:34","guid":{"rendered":"https:\/\/www.shakespeare-li.com\/?page_id=1062"},"modified":"2021-01-26T16:19:26","modified_gmt":"2021-01-26T16:19:26","slug":"intro-to-veterinary-science-13-15","status":"publish","type":"page","link":"https:\/\/www.shakespeare-li.com\/en\/intro-to-veterinary-science-13-15\/","title":{"rendered":"Intro to Veterinary Science 13-15"},"content":{"rendered":"<p>[et_pb_section fb_built=\u00bb1&#8243; _builder_version=\u00bb4.3.2&#8243;][et_pb_row _builder_version=\u00bb4.3.2&#8243;][et_pb_column type=\u00bb4_4&#8243; _builder_version=\u00bb4.3.2&#8243;][et_pb_text _builder_version=\u00bb4.3.2&#8243; text_font_size=\u00bb50px\u00bb custom_margin=\u00bb||67px|||\u00bb hover_enabled=\u00bb0&#8243;]<\/p>\n<p style=\"text-align: center;\"><span style=\"color: #000000;\">Intro to Veterinary Science 13-15<\/span><\/p>\n<p>[\/et_pb_text][et_pb_slider _builder_version=\u00bb4.3.2&#8243; min_height=\u00bb604px\u00bb auto=\u00bbon\u00bb][et_pb_slide _builder_version=\u00bb4.3.2&#8243; background_image=\u00bbhttps:\/\/www.shakespeare-li.com\/wp-content\/uploads\/2021\/01\/Vet4.jpg\u00bb background_enable_image=\u00bbon\u00bb][\/et_pb_slide][et_pb_slide _builder_version=\u00bb4.3.2&#8243; background_image=\u00bbhttps:\/\/www.shakespeare-li.com\/wp-content\/uploads\/2021\/01\/Vet-scaled.jpg\u00bb background_enable_image=\u00bbon\u00bb][\/et_pb_slide][et_pb_slide _builder_version=\u00bb4.3.2&#8243; background_image=\u00bbhttps:\/\/www.shakespeare-li.com\/wp-content\/uploads\/2021\/01\/Vet3.jpg\u00bb background_enable_image=\u00bbon\u00bb][\/et_pb_slide][et_pb_slide _builder_version=\u00bb4.3.2&#8243; background_image=\u00bbhttps:\/\/www.shakespeare-li.com\/wp-content\/uploads\/2021\/01\/vet2-scaled.jpg\u00bb background_enable_image=\u00bbon\u00bb][\/et_pb_slide][et_pb_slide _builder_version=\u00bb4.3.2&#8243; background_image=\u00bbhttps:\/\/www.shakespeare-li.com\/wp-content\/uploads\/2020\/03\/Cambridge-English.jpg\u00bb background_enable_image=\u00bbon\u00bb][\/et_pb_slide][\/et_pb_slider][\/et_pb_column][\/et_pb_row][et_pb_row _builder_version=\u00bb4.3.2&#8243; custom_padding=\u00bb||0px|||\u00bb][et_pb_column type=\u00bb4_4&#8243; _builder_version=\u00bb4.3.2&#8243;][et_pb_text _builder_version=\u00bb4.3.2&#8243; text_font_size=\u00bb32px\u00bb custom_margin=\u00bb1px||44px|||\u00bb]<\/p>\n<p style=\"text-align: center;\"><strong><span style=\"color: #000000;\">Programa de estudios<\/span><\/strong><\/p>\n<p>[\/et_pb_text][et_pb_text _builder_version=\u00bb4.3.2&#8243; text_font_size=\u00bb18px\u00bb custom_margin=\u00bb1px||44px|||\u00bb]<\/p>\n<p>Al final del curso los participantes obtendr\u00e1n:<\/p>\n<p>&nbsp;<\/p>\n<ul>\n<li>Una introducci\u00f3n a los conceptos y habilidades clave para darles una ventaja en un campo competitivo<\/li>\n<li>Aprender sobre los requisitos del procedimiento de solicitud de una plaza en cursos de veterinaria en universidades del Reino Unido<\/li>\n<li>El desarrollo de sus habilidades de razonamiento y pensamiento cr\u00edtico a trav\u00e9s de estudios de casos del mundo real<\/li>\n<li>Una visi\u00f3n de los problemas y desaf\u00edos actuales en la profesi\u00f3n veterinaria<\/li>\n<li>M\u00e1s seguridad en la discusi\u00f3n de temas relacionados con los derechos, el bienestar y la \u00e9tica de los animales en torno a la pr\u00e1ctica cl\u00ednica<\/li>\n<\/ul>\n<p>[\/et_pb_text][\/et_pb_column][\/et_pb_row][et_pb_row _builder_version=\u00bb4.3.2&#8243;][et_pb_column type=\u00bb4_4&#8243; _builder_version=\u00bb4.3.2&#8243;][et_pb_text _builder_version=\u00bb4.3.2&#8243;]<\/p>\n<h1 style=\"text-align: center;\"><span style=\"color: #000000;\"><strong>Included<\/strong><\/span><\/h1>\n<p>[\/et_pb_text][\/et_pb_column][\/et_pb_row][et_pb_row column_structure=\u00bb3_5,2_5&#8243; _builder_version=\u00bb4.3.2&#8243; custom_margin=\u00bb|auto|2px|auto||\u00bb][et_pb_column type=\u00bb3_5&#8243; _builder_version=\u00bb4.3.2&#8243;][et_pb_slider _builder_version=\u00bb4.3.2&#8243; min_height=\u00bb410px\u00bb custom_margin=\u00bb-20px||-5px|||\u00bb custom_padding=\u00bb0px|2px|0px|||\u00bb][et_pb_slide _builder_version=\u00bb4.3.2&#8243; background_image=\u00bbhttps:\/\/www.shakespeare-li.com\/wp-content\/uploads\/2020\/03\/STMARYS-160719-38.jpg\u00bb background_enable_image=\u00bbon\u00bb][\/et_pb_slide][et_pb_slide _builder_version=\u00bb4.3.2&#8243; background_image=\u00bbhttps:\/\/www.shakespeare-li.com\/wp-content\/uploads\/2020\/03\/science-scaled.jpg\u00bb background_enable_image=\u00bbon\u00bb][\/et_pb_slide][et_pb_slide _builder_version=\u00bb4.3.2&#8243; background_image=\u00bbhttps:\/\/www.shakespeare-li.com\/wp-content\/uploads\/2020\/03\/Robotics-scaled.jpg\u00bb background_enable_image=\u00bbon\u00bb][\/et_pb_slide][et_pb_slide _builder_version=\u00bb4.3.2&#8243; background_image=\u00bbhttps:\/\/www.shakespeare-li.com\/wp-content\/uploads\/2020\/03\/Computer-science5.png\u00bb background_enable_image=\u00bbon\u00bb][\/et_pb_slide][et_pb_slide _builder_version=\u00bb4.3.2&#8243; background_image=\u00bbhttps:\/\/www.shakespeare-li.com\/wp-content\/uploads\/2020\/03\/St-Peters-college2.jpg\u00bb background_enable_image=\u00bbon\u00bb][\/et_pb_slide][et_pb_slide _builder_version=\u00bb4.3.2&#8243; background_image=\u00bbhttps:\/\/www.shakespeare-li.com\/wp-content\/uploads\/2020\/03\/DSC2880-scaled.jpg\u00bb background_enable_image=\u00bbon\u00bb][\/et_pb_slide][et_pb_slide _builder_version=\u00bb4.3.2&#8243; background_image=\u00bbhttps:\/\/www.shakespeare-li.com\/wp-content\/uploads\/2020\/03\/Oxford-Royale-Academy-Highlights-LMH-32.jpg\u00bb background_enable_image=\u00bbon\u00bb][\/et_pb_slide][et_pb_slide _builder_version=\u00bb4.3.2&#8243; background_image=\u00bbhttps:\/\/www.shakespeare-li.com\/wp-content\/uploads\/2020\/03\/London2.jpg\u00bb background_enable_image=\u00bbon\u00bb][\/et_pb_slide][et_pb_slide _builder_version=\u00bb4.3.2&#8243; background_image=\u00bbhttps:\/\/www.shakespeare-li.com\/wp-content\/uploads\/2020\/03\/Cambs-51-scaled.jpg\u00bb background_enable_image=\u00bbon\u00bb][\/et_pb_slide][et_pb_slide _builder_version=\u00bb4.3.2&#8243; background_image=\u00bbhttps:\/\/www.shakespeare-li.com\/wp-content\/uploads\/2020\/03\/Vet-scaled.jpg\u00bb background_enable_image=\u00bbon\u00bb][\/et_pb_slide][et_pb_slide _builder_version=\u00bb4.3.2&#8243; background_image=\u00bbhttps:\/\/www.shakespeare-li.com\/wp-content\/uploads\/2020\/03\/DSC3166-scaled.jpg\u00bb background_enable_image=\u00bbon\u00bb][\/et_pb_slide][et_pb_slide _builder_version=\u00bb4.3.2&#8243; background_image=\u00bbhttps:\/\/www.shakespeare-li.com\/wp-content\/uploads\/2020\/03\/graduation-certificate.jpg\u00bb background_enable_image=\u00bbon\u00bb][\/et_pb_slide][et_pb_slide _builder_version=\u00bb4.3.2&#8243; background_image=\u00bbhttps:\/\/www.shakespeare-li.com\/wp-content\/uploads\/2020\/03\/Oxford-Royale-Academy-Graduation-16.08.19-60-scaled.jpg\u00bb background_enable_image=\u00bbon\u00bb][\/et_pb_slide][\/et_pb_slider][\/et_pb_column][et_pb_column type=\u00bb2_5&#8243; _builder_version=\u00bb4.3.2&#8243;][et_pb_text _builder_version=\u00bb4.3.2&#8243; min_height=\u00bb403px\u00bb custom_margin=\u00bb-16px|||||\u00bb]<\/p>\n<ul>\n<li>\n<h5><span style=\"color: #000000;\">20 hours of class and tutoring<\/span><\/h5>\n<\/li>\n<li>\n<h5><span style=\"color: #000000;\">m\u00e1ximo de 12 alumnos por clase (Oxford)<\/span><\/h5>\n<\/li>\n<li>\n<h5><span style=\"color: #000000;\">m\u00e1ximo de 15 alumnos por clase (Cambridge)<\/span><\/h5>\n<\/li>\n<li>\n<h5><span style=\"color: #000000;\">Study materials<\/span><\/h5>\n<\/li>\n<li>\n<h5><span style=\"color: #000000;\">Guest speakers<\/span><\/h5>\n<\/li>\n<li>\n<h5><span style=\"color: #000000;\">Personalised academic reports and graduation certificate <\/span><\/h5>\n<\/li>\n<li>\n<h5><span style=\"color: #000000;\">Accommodation<\/span><\/h5>\n<\/li>\n<li>\n<h5><span style=\"color: #000000;\">Desayuno, comida y cena<\/span><\/h5>\n<\/li>\n<li>\n<h5><span style=\"color: #000000;\">Free WiFi<\/span><\/h5>\n<\/li>\n<li>\n<h5><span style=\"color: #000000;\">Academic, social and fun activities<\/span><\/h5>\n<\/li>\n<li>\n<h5><span style=\"color: #000000;\">Excursions<\/span><\/h5>\n<\/li>\n<li>\n<h5><span style=\"color: #000000;\">Eventos de bienvenida y graduaci\u00f3n<\/span><\/h5>\n<p><o:p><\/o:p><\/p>\n<\/li>\n<\/ul>\n<p>[\/et_pb_text][\/et_pb_column][\/et_pb_row][et_pb_row _builder_version=\u00bb4.3.2&#8243; min_height=\u00bb81px\u00bb custom_padding=\u00bb12px|||||\u00bb][et_pb_column type=\u00bb4_4&#8243; _builder_version=\u00bb4.3.2&#8243;][et_pb_text _builder_version=\u00bb4.3.2&#8243;]<\/p>\n<h1 style=\"text-align: center;\"><strong>Fechas<\/strong><\/h1>\n<p>[\/et_pb_text][\/et_pb_column][\/et_pb_row][et_pb_row _builder_version=\u00bb4.3.2&#8243;][et_pb_column type=\u00bb4_4&#8243; _builder_version=\u00bb4.3.2&#8243;][et_pb_text _builder_version=\u00bb4.3.2&#8243; hover_enabled=\u00bb0&#8243;]<\/p>\n<h4 style=\"text-align: center;\"><strong>Oxford 2 semanas:<\/strong><\/h4>\n<h4 style=\"text-align: center;\"><\/h4>\n<h4 style=\"text-align: center;\">4 &#8211; 17 de julio &#8217;21 | 18 &#8211; 31 de julio\u00a0&#8217;21 | 1 &#8211; 14 de agosto &#8217;21 | 15 &#8211; 28 de Agosto &#8217;21<\/h4>\n<h4 style=\"text-align: center;\"><\/h4>\n<p>[\/et_pb_text][\/et_pb_column][\/et_pb_row][et_pb_row _builder_version=\u00bb4.3.2&#8243; custom_margin=\u00bb24px|auto||auto||\u00bb custom_padding=\u00bb0px|||||\u00bb][et_pb_column type=\u00bb4_4&#8243; _builder_version=\u00bb4.3.2&#8243;][et_pb_text _builder_version=\u00bb4.3.2&#8243; custom_padding=\u00bb0px|||||\u00bb]<\/p>\n<h1 style=\"text-align: center;\"><strong>Ubicaciones<\/strong><\/h1>\n<p>[\/et_pb_text][\/et_pb_column][\/et_pb_row][et_pb_row _builder_version=\u00bb4.3.2&#8243;][et_pb_column type=\u00bb4_4&#8243; _builder_version=\u00bb4.3.2&#8243;][et_pb_image src=\u00bbhttps:\/\/www.shakespeare-li.com\/wp-content\/uploads\/2020\/03\/Balliol-chapel-4.jpg\u00bb _builder_version=\u00bb4.3.2&#8243; custom_padding=\u00bb|329px|0px|361px||\u00bb][\/et_pb_image][et_pb_text _builder_version=\u00bb4.3.2&#8243;]<\/p>\n<h3 style=\"text-align: center;\">University of Oxford<\/h3>\n<p>[\/et_pb_text][\/et_pb_column][\/et_pb_row][\/et_pb_section]<\/p>","protected":false},"excerpt":{"rendered":"<p>[et_pb_section fb_built=\u00bb1&#8243; _builder_version=\u00bb4.3.2&#8243;][et_pb_row _builder_version=\u00bb4.3.2&#8243;][et_pb_column type=\u00bb4_4&#8243; _builder_version=\u00bb4.3.2&#8243;][et_pb_text _builder_version=\u00bb4.3.2&#8243; text_font_size=\u00bb50px\u00bb custom_margin=\u00bb||67px|||\u00bb hover_enabled=\u00bb0&#8243;] Intro to Veterinary Science 13-15 [\/et_pb_text][et_pb_slider _builder_version=\u00bb4.3.2&#8243; min_height=\u00bb604px\u00bb auto=\u00bbon\u00bb][et_pb_slide _builder_version=\u00bb4.3.2&#8243; background_image=\u00bbhttps:\/\/www.shakespeare-li.com\/wp-content\/uploads\/2021\/01\/Vet4.jpg\u00bb background_enable_image=\u00bbon\u00bb][\/et_pb_slide][et_pb_slide _builder_version=\u00bb4.3.2&#8243; background_image=\u00bbhttps:\/\/www.shakespeare-li.com\/wp-content\/uploads\/2021\/01\/Vet-scaled.jpg\u00bb background_enable_image=\u00bbon\u00bb][\/et_pb_slide][et_pb_slide _builder_version=\u00bb4.3.2&#8243; background_image=\u00bbhttps:\/\/www.shakespeare-li.com\/wp-content\/uploads\/2021\/01\/Vet3.jpg\u00bb background_enable_image=\u00bbon\u00bb][\/et_pb_slide][et_pb_slide _builder_version=\u00bb4.3.2&#8243; background_image=\u00bbhttps:\/\/www.shakespeare-li.com\/wp-content\/uploads\/2021\/01\/vet2-scaled.jpg\u00bb background_enable_image=\u00bbon\u00bb][\/et_pb_slide][et_pb_slide _builder_version=\u00bb4.3.2&#8243; background_image=\u00bbhttps:\/\/www.shakespeare-li.com\/wp-content\/uploads\/2020\/03\/Cambridge-English.jpg\u00bb background_enable_image=\u00bbon\u00bb][\/et_pb_slide][\/et_pb_slider][\/et_pb_column][\/et_pb_row][et_pb_row _builder_version=\u00bb4.3.2&#8243; custom_padding=\u00bb||0px|||\u00bb][et_pb_column type=\u00bb4_4&#8243; _builder_version=\u00bb4.3.2&#8243;][et_pb_text _builder_version=\u00bb4.3.2&#8243; text_font_size=\u00bb32px\u00bb custom_margin=\u00bb1px||44px|||\u00bb] Programa de estudios [\/et_pb_text][et_pb_text _builder_version=\u00bb4.3.2&#8243; text_font_size=\u00bb18px\u00bb custom_margin=\u00bb1px||44px|||\u00bb] Al final del curso los participantes obtendr\u00e1n: [&hellip;]<\/p>","protected":false},"author":4,"featured_media":0,"parent":0,"menu_order":0,"comment_status":"closed","ping_status":"closed","template":"","meta":{"_et_pb_use_builder":"on","_et_pb_old_content":"","_et_gb_content_width":""},"_links":{"self":[{"href":"https:\/\/www.shakespeare-li.com\/en\/wp-json\/wp\/v2\/pages\/1062"}],"collection":[{"href":"https:\/\/www.shakespeare-li.com\/en\/wp-json\/wp\/v2\/pages"}],"about":[{"href":"https:\/\/www.shakespeare-li.com\/en\/wp-json\/wp\/v2\/types\/page"}],"author":[{"embeddable":true,"href":"https:\/\/www.shakespeare-li.com\/en\/wp-json\/wp\/v2\/users\/4"}],"replies":[{"embeddable":true,"href":"https:\/\/www.shakespeare-li.com\/en\/wp-json\/wp\/v2\/comments?post=1062"}],"version-history":[{"count":4,"href":"https:\/\/www.shakespeare-li.com\/en\/wp-json\/wp\/v2\/pages\/1062\/revisions"}],"predecessor-version":[{"id":1068,"href":"https:\/\/www.shakespeare-li.com\/en\/wp-json\/wp\/v2\/pages\/1062\/revisions\/1068"}],"wp:attachment":[{"href":"https:\/\/www.shakespeare-li.com\/en\/wp-json\/wp\/v2\/media?parent=1062"}],"curies":[{"name":"wp","href":"https:\/\/api.w.org\/{rel}","templated":true}]}}