{"id":1164,"date":"2021-02-04T16:39:30","date_gmt":"2021-02-04T16:39:30","guid":{"rendered":"https:\/\/www.shakespeare-li.com\/?page_id=1164"},"modified":"2021-02-04T16:42:42","modified_gmt":"2021-02-04T16:42:42","slug":"clases-virtuales-2","status":"publish","type":"page","link":"https:\/\/www.shakespeare-li.com\/en\/clases-virtuales-2\/","title":{"rendered":"Virtual Classes"},"content":{"rendered":"[et_pb_section fb_built=\u00bb1&#8243; custom_padding_last_edited=\u00bbon|desktop\u00bb admin_label=\u00bbHeader\u00bb _builder_version=\u00bb3.22&#8243; background_image=\u00bbhttps:\/\/www.shakespeare-li.com\/wp-content\/uploads\/2020\/02\/language-school-06.png\u00bb background_size=\u00bbcontain\u00bb background_position=\u00bbtop_right\u00bb custom_padding=\u00bb110px||3px||false|false\u00bb custom_padding_tablet=\u00bb140px|0px|50px|0px|false|false\u00bb custom_padding_phone=\u00bb120px|||\u00bb][et_pb_row column_structure=\u00bb1_2,1_2&#8243; _builder_version=\u00bb3.25&#8243; max_width=\u00bb1280px\u00bb use_custom_width=\u00bbon\u00bb custom_width_px=\u00bb1280px\u00bb][et_pb_column type=\u00bb1_2&#8243; _builder_version=\u00bb3.25&#8243; custom_padding=\u00bb|||\u00bb custom_padding__hover=\u00bb|||\u00bb][et_pb_text _builder_version=\u00bb3.27.4&#8243; text_font=\u00bb||||||||\u00bb text_font_size=\u00bb18px\u00bb text_line_height=\u00bb2em\u00bb header_font=\u00bbEB Garamond||||||||\u00bb header_font_size=\u00bb60px\u00bb header_line_height=\u00bb1.3em\u00bb header_4_font=\u00bb|700||on|||||\u00bb header_4_text_color=\u00bb#ffdaa4&#8243; header_4_font_size=\u00bb16px\u00bb header_4_letter_spacing=\u00bb2px\u00bb header_4_line_height=\u00bb2em\u00bb max_width=\u00bb600px\u00bb text_font_size_tablet=\u00bb\u00bb text_font_size_phone=\u00bb15px\u00bb text_font_size_last_edited=\u00bbon|desktop\u00bb text_line_height_tablet=\u00bb\u00bb text_line_height_phone=\u00bb1.6em\u00bb text_line_height_last_edited=\u00bbon|phone\u00bb header_font_size_tablet=\u00bb50px\u00bb header_font_size_phone=\u00bb32px\u00bb header_font_size_last_edited=\u00bbon|phone\u00bb]<h1>In company<\/h1>\n<h4>Nuestros Cursos de Idiomas para Profesionales<!--4--><\/h4>\n<p>Cursos de idiomas elaborados a su medida, teniendo en cuenta sus necesidades y disponibilidad, impartidos por profesores especializados en la ense\u00f1anza de idiomas a profesionales.<\/p>[\/et_pb_text][\/et_pb_column][et_pb_column type=\u00bb1_2&#8243; _builder_version=\u00bb3.25&#8243; custom_padding=\u00bb|||\u00bb custom_padding__hover=\u00bb|||\u00bb][\/et_pb_column][\/et_pb_row][et_pb_row _builder_version=\u00bb4.3.2&#8243;][et_pb_column type=\u00bb4_4&#8243; _builder_version=\u00bb4.3.2&#8243;][et_pb_text _builder_version=\u00bb4.3.2&#8243; text_font=\u00bbEB Garamond|700|||||||\u00bb text_text_color=\u00bbrgba(0,0,0,0.02)\u00bb text_font_size=\u00bb80px\u00bb text_line_height=\u00bb0em\u00bb header_2_font=\u00bbEB Garamond||||||||\u00bb header_2_font_size=\u00bb50px\u00bb header_2_line_height=\u00bb1.3em\u00bb text_orientation=\u00bbcenter\u00bb hover_enabled=\u00bb0&#8243; text_font_size_tablet=\u00bb50px\u00bb text_font_size_phone=\u00bb30px\u00bb text_font_size_last_edited=\u00bbon|desktop\u00bb header_2_font_size_tablet=\u00bb40px\u00bb header_2_font_size_phone=\u00bb30px\u00bb header_2_font_size_last_edited=\u00bbon|phone\u00bb]<p>Virtual Classes<\/p>\n<h2>Virtual Classes<\/h2>\n[\/et_pb_text][\/et_pb_column][\/et_pb_row][et_pb_row column_structure=\u00bb1_2,1_2&#8243; _builder_version=\u00bb4.3.2&#8243;][et_pb_column type=\u00bb1_2&#8243; _builder_version=\u00bb4.3.2&#8243;][et_pb_text _builder_version=\u00bb4.3.2&#8243; hover_enabled=\u00bb0&#8243;]<h3><strong>Descripci\u00f3n y objetivo<\/strong><\/h3>\n<p>With our virtual classes the student will have all the advantages of a face-to-face class with the flexibility of online classes. Classes are dynamic with fluid interactions. The ability to see the gestures and body language of the student and teacher allows for more effective and personal communication.<\/p>\n<p>Virtual classes allow the possibility of one-to-one or group classes when participants are in different locations. The student can maintain their learning during business trips, working from home and from their office.<\/p>\n<p>&nbsp;<\/p>\n<h3><strong>Metodolog\u00eda<\/strong><\/h3>\n<ul>\n<li>Sesiones de 1 una<\/li>\n<li>Prueba de nivel y an\u00e1lisis de necesidades.<\/li>\n<li>Fijar los objetivos y necesidades del curso.<\/li>\n<li>Mandar el programa, plan del curos y material.<\/li>\n<li>Profesores nativos especializados en ense\u00f1anza a distancia.<\/li>\n<li>Mismo profesor durante todo el curso o posibilidad de tener distintos profesores para mejor comprensi\u00f3n de distintos acentos<\/li>\n<li>Flexibilidad de horario.<\/li>\n<li>Tem\u00e1ticas de lenguaje social combinado con lenguaje especifico de \u00e1mbito laboral.<\/li>\n<li>Env\u00edo de material en relaci\u00f3n con las clases programadas antes y despu\u00e9s de cada sesi\u00f3n<\/li>\n<li>Feedback con correcciones ejercicios para practicar, repasos y recomendaciones despu\u00e9s de cada sesi\u00f3n<\/li>\n<\/ul>\n[\/et_pb_text][\/et_pb_column][et_pb_column type=\u00bb1_2&#8243; _builder_version=\u00bb4.3.2&#8243;][et_pb_image src=\u00bbhttps:\/\/www.shakespeare-li.com\/wp-content\/uploads\/2021\/02\/Clases-virtuales.png\u00bb _builder_version=\u00bb4.3.2&#8243; hover_enabled=\u00bb0&#8243;][\/et_pb_image][et_pb_text _builder_version=\u00bb4.3.2&#8243; custom_margin=\u00bb-13px|||||\u00bb custom_padding=\u00bb0px|||||\u00bb hover_enabled=\u00bb0&#8243;]<h3><strong>\u00bfA qui\u00e9nes van dirigidas?<\/strong><\/h3>\n<p>A los profesionales que viajan mucho, los que trabajan desde casa o los que necesitan mucha flexibilidad en la programaci\u00f3n de sus clases adem\u00e1s de aprovechar las ventajas de clases presenciales.<\/p>\n<p>&nbsp;<\/p>\n<h3><strong>Ventajas de Teams<\/strong><\/h3>\n<ul>\n<li>Videoconferencias de alta calidad tanto para clases one-to-one y clases grupales<\/li>\n<li>Creaci\u00f3n de equipos o clases<\/li>\n<li>Compartir pantalla<\/li>\n<li>Compartir documentos, videos y ejercicios<\/li>\n<li>Funci\u00f3n \u2018chat\u2019<\/li>\n<li>\u2018live documents\u2019 los cuales todos los participantes crear, acceder y editar<\/li>\n<li>Pizarra interactiva integrada<\/li>\n<\/ul>\n[\/et_pb_text][\/et_pb_column][\/et_pb_row][\/et_pb_section][et_pb_section fb_built=\u00bb1&#8243; _builder_version=\u00bb4.3.2&#8243;][\/et_pb_section]","protected":false},"excerpt":{"rendered":"","protected":false},"author":4,"featured_media":0,"parent":0,"menu_order":0,"comment_status":"closed","ping_status":"closed","template":"","meta":{"_et_pb_use_builder":"on","_et_pb_old_content":"","_et_gb_content_width":""},"_links":{"self":[{"href":"https:\/\/www.shakespeare-li.com\/en\/wp-json\/wp\/v2\/pages\/1164"}],"collection":[{"href":"https:\/\/www.shakespeare-li.com\/en\/wp-json\/wp\/v2\/pages"}],"about":[{"href":"https:\/\/www.shakespeare-li.com\/en\/wp-json\/wp\/v2\/types\/page"}],"author":[{"embeddable":true,"href":"https:\/\/www.shakespeare-li.com\/en\/wp-json\/wp\/v2\/users\/4"}],"replies":[{"embeddable":true,"href":"https:\/\/www.shakespeare-li.com\/en\/wp-json\/wp\/v2\/comments?post=1164"}],"version-history":[{"count":3,"href":"https:\/\/www.shakespeare-li.com\/en\/wp-json\/wp\/v2\/pages\/1164\/revisions"}],"predecessor-version":[{"id":1169,"href":"https:\/\/www.shakespeare-li.com\/en\/wp-json\/wp\/v2\/pages\/1164\/revisions\/1169"}],"wp:attachment":[{"href":"https:\/\/www.shakespeare-li.com\/en\/wp-json\/wp\/v2\/media?parent=1164"}],"curies":[{"name":"wp","href":"https:\/\/api.w.org\/{rel}","templated":true}]}}