{"id":1188,"date":"2021-02-04T17:10:37","date_gmt":"2021-02-04T17:10:37","guid":{"rendered":"https:\/\/www.shakespeare-li.com\/?page_id=1188"},"modified":"2021-02-04T17:10:37","modified_gmt":"2021-02-04T17:10:37","slug":"clases-presenciales","status":"publish","type":"page","link":"https:\/\/www.shakespeare-li.com\/en\/clases-presenciales\/","title":{"rendered":"In-person Classes"},"content":{"rendered":"<p>[et_pb_section fb_built=\u00bb1&#8243; custom_padding_last_edited=\u00bbon|desktop\u00bb admin_label=\u00bbHeader\u00bb _builder_version=\u00bb3.22&#8243; background_image=\u00bbhttps:\/\/www.shakespeare-li.com\/wp-content\/uploads\/2020\/02\/language-school-06.png\u00bb background_size=\u00bbcontain\u00bb background_position=\u00bbtop_right\u00bb custom_padding=\u00bb110px||3px||false|false\u00bb custom_padding_tablet=\u00bb140px|0px|50px|0px|false|false\u00bb custom_padding_phone=\u00bb120px|||\u00bb][et_pb_row column_structure=\u00bb1_2,1_2&#8243; _builder_version=\u00bb3.25&#8243; max_width=\u00bb1280px\u00bb use_custom_width=\u00bbon\u00bb custom_width_px=\u00bb1280px\u00bb][et_pb_column type=\u00bb1_2&#8243; _builder_version=\u00bb3.25&#8243; custom_padding=\u00bb|||\u00bb custom_padding__hover=\u00bb|||\u00bb][et_pb_text _builder_version=\u00bb3.27.4&#8243; text_font=\u00bb||||||||\u00bb text_font_size=\u00bb18px\u00bb text_line_height=\u00bb2em\u00bb header_font=\u00bbEB Garamond||||||||\u00bb header_font_size=\u00bb60px\u00bb header_line_height=\u00bb1.3em\u00bb header_4_font=\u00bb|700||on|||||\u00bb header_4_text_color=\u00bb#ffdaa4&#8243; header_4_font_size=\u00bb16px\u00bb header_4_letter_spacing=\u00bb2px\u00bb header_4_line_height=\u00bb2em\u00bb max_width=\u00bb600px\u00bb text_font_size_tablet=\u00bb\u00bb text_font_size_phone=\u00bb15px\u00bb text_font_size_last_edited=\u00bbon|desktop\u00bb text_line_height_tablet=\u00bb\u00bb text_line_height_phone=\u00bb1.6em\u00bb text_line_height_last_edited=\u00bbon|phone\u00bb header_font_size_tablet=\u00bb50px\u00bb header_font_size_phone=\u00bb32px\u00bb header_font_size_last_edited=\u00bbon|phone\u00bb]<\/p>\n<h1>In company<\/h1>\n<h4>Nuestros Cursos de Idiomas para Profesionales<!--4--><\/h4>\n<p>Cursos de idiomas elaborados a su medida, teniendo en cuenta sus necesidades y disponibilidad, impartidos por profesores especializados en la ense\u00f1anza de idiomas a profesionales.<\/p>\n<p>[\/et_pb_text][\/et_pb_column][et_pb_column type=\u00bb1_2&#8243; _builder_version=\u00bb3.25&#8243; custom_padding=\u00bb|||\u00bb custom_padding__hover=\u00bb|||\u00bb][\/et_pb_column][\/et_pb_row][\/et_pb_section][et_pb_section fb_built=\u00bb1&#8243; admin_label=\u00bbObjectives\u00bb _builder_version=\u00bb3.22&#8243; custom_padding=\u00bb2px|||||\u00bb][et_pb_row _builder_version=\u00bb4.3.2&#8243;][et_pb_column type=\u00bb4_4&#8243; _builder_version=\u00bb4.3.2&#8243;][et_pb_text _builder_version=\u00bb4.3.2&#8243; text_font=\u00bbEB Garamond|700|||||||\u00bb text_text_color=\u00bbrgba(0,0,0,0.02)\u00bb text_font_size=\u00bb80px\u00bb text_line_height=\u00bb0em\u00bb header_2_font=\u00bbEB Garamond||||||||\u00bb header_2_font_size=\u00bb50px\u00bb header_2_line_height=\u00bb1.3em\u00bb text_orientation=\u00bbcenter\u00bb text_font_size_tablet=\u00bb50px\u00bb text_font_size_phone=\u00bb30px\u00bb text_font_size_last_edited=\u00bbon|desktop\u00bb header_2_font_size_tablet=\u00bb40px\u00bb header_2_font_size_phone=\u00bb30px\u00bb header_2_font_size_last_edited=\u00bbon|phone\u00bb]<\/p>\n<p>In-person Classes<\/p>\n<h2>In-person Classes<\/h2>\n<p>[\/et_pb_text][\/et_pb_column][\/et_pb_row][et_pb_row _builder_version=\u00bb4.3.2&#8243;][et_pb_column type=\u00bb4_4&#8243; _builder_version=\u00bb4.3.2&#8243;][et_pb_text _builder_version=\u00bb4.3.2&#8243; text_font=\u00bbEB Garamond|700|||||||\u00bb text_text_color=\u00bbrgba(0,0,0,0.02)\u00bb text_font_size=\u00bb80px\u00bb text_line_height=\u00bb0em\u00bb header_2_font=\u00bbEB Garamond||||||||\u00bb header_2_font_size=\u00bb50px\u00bb header_2_line_height=\u00bb1.3em\u00bb text_orientation=\u00bbcenter\u00bb hover_enabled=\u00bb0&#8243; text_font_size_tablet=\u00bb50px\u00bb text_font_size_phone=\u00bb30px\u00bb text_font_size_last_edited=\u00bbon|desktop\u00bb header_2_font_size_tablet=\u00bb40px\u00bb header_2_font_size_phone=\u00bb30px\u00bb header_2_font_size_last_edited=\u00bbon|phone\u00bb]<\/p>\n<h2 style=\"text-align: left;\">One-to-one classes<\/h2>\n<p>[\/et_pb_text][\/et_pb_column][\/et_pb_row][et_pb_row column_structure=\u00bb1_2,1_2&#8243; _builder_version=\u00bb4.3.2&#8243;][et_pb_column type=\u00bb1_2&#8243; _builder_version=\u00bb4.3.2&#8243;][et_pb_text _builder_version=\u00bb4.3.2&#8243;]<\/p>\n<h3><strong>Descripci\u00f3n y objetivo<\/strong><\/h3>\n<p>With our one-to-one classes, the professional converts their specific language learning needs into goals to be achieved within a certain period of time which we establish with them during the analysis of their learning objectives and the implementation of the training plan.<\/p>\n<p>The objective of these classes is to focus the teaching on the professional's specific areas of improvement. Classes are personalised and adapted to the objectives and needs of the professional that are identified at the beginning of the course.<\/p>\n<p><span style=\"font-size: 14px;\">\u00a0<\/span><\/p>\n<h3><strong>\u00bfA qui\u00e9nes van dirigidas?<\/strong><\/h3>\n<p>A profesionales con necesidades espec\u00edficas de mejora y\/o perfeccionamiento del idioma. La ense\u00f1anza se imparte completamente a su medida.<\/p>\n<p>Las clases one-to-one permiten avanzar en un tiempo record, la sesi\u00f3n de clase est\u00e1 centrada exclusivamente en la mejora del profesional.<\/p>\n<p>&nbsp;<\/p>\n<h3><strong>Metodolog\u00eda<\/strong><\/h3>\n<ul>\n<li>Formato individual<\/li>\n<li>Calendarizaci\u00f3n y graduaci\u00f3n de la intensidad de trabajo en n\u00ba d\u00edas\/horas seg\u00fan los objetivos establecidos<\/li>\n<li>Disponible en todos los idiomas<\/li>\n<li>Amplia flexibilidad en la gesti\u00f3n de agenda, el profesional elige los d\u00edas y horas de clase con total flexibilidad.<\/li>\n<\/ul>\n<p>[\/et_pb_text][\/et_pb_column][et_pb_column type=\u00bb1_2&#8243; _builder_version=\u00bb4.3.2&#8243;][et_pb_image src=\u00bbhttps:\/\/www.shakespeare-li.com\/wp-content\/uploads\/2021\/02\/ejecutiva-empresa.jpg\u00bb _builder_version=\u00bb4.3.2&#8243;][\/et_pb_image][et_pb_text _builder_version=\u00bb4.3.2&#8243;]<\/p>\n<h3><strong>Feedback \/ Seguimiento <\/strong><\/h3>\n<ul>\n<li>Elaboraci\u00f3n de an\u00e1lisis de necesidades<\/li>\n<li>Plan de estudios con metas claras<\/li>\n<li>Informe mensual de seguimiento de objetivos<\/li>\n<li>Informe final al alcanzar todos los objetivos con<\/li>\n<li>Feedback continuo durante la clase para mejorar acento, fluidez y vocabulario<\/li>\n<\/ul>\n<p>[\/et_pb_text][\/et_pb_column][\/et_pb_row][et_pb_row _builder_version=\u00bb4.3.2&#8243;][et_pb_column type=\u00bb4_4&#8243; _builder_version=\u00bb4.3.2&#8243;][et_pb_text _builder_version=\u00bb4.3.2&#8243; text_font=\u00bbEB Garamond|700|||||||\u00bb text_text_color=\u00bbrgba(0,0,0,0.02)\u00bb text_font_size=\u00bb80px\u00bb text_line_height=\u00bb0em\u00bb header_2_font=\u00bbEB Garamond||||||||\u00bb header_2_font_size=\u00bb50px\u00bb header_2_line_height=\u00bb1.3em\u00bb text_orientation=\u00bbcenter\u00bb hover_enabled=\u00bb0&#8243; text_font_size_tablet=\u00bb50px\u00bb text_font_size_phone=\u00bb30px\u00bb text_font_size_last_edited=\u00bbon|desktop\u00bb header_2_font_size_tablet=\u00bb40px\u00bb header_2_font_size_phone=\u00bb30px\u00bb header_2_font_size_last_edited=\u00bbon|phone\u00bb]<\/p>\n<h2 style=\"text-align: left;\">Group Classes<\/h2>\n<p>[\/et_pb_text][\/et_pb_column][\/et_pb_row][et_pb_row column_structure=\u00bb1_2,1_2&#8243; _builder_version=\u00bb4.3.2&#8243;][et_pb_column type=\u00bb1_2&#8243; _builder_version=\u00bb4.3.2&#8243;][et_pb_text _builder_version=\u00bb4.3.2&#8243;]<\/p>\n<h3><strong>Descripci\u00f3n y objetivo<\/strong><\/h3>\n<p>For group face-to-face classes, a pre-level test and needs analysis is completed to organise the groups in homogeneous levels and similar objectives. We establish a study plan by level based on the needs of the group, taking advantage of group dynamics.<\/p>\n<p>Gracias al Blended Learning (aprendizaje semipresencial), los profesionales podr\u00e1n combinar el estudio individual de sus \u00e1reas de mejora, a trav\u00e9s de la plataforma virtual, con la puesta en pr\u00e1ctica de lo aprendido a trav\u00e9s de din\u00e1micas de grupo, como los role plays, simulaci\u00f3n de situaciones reales de la vida cotidiana o\u00a0 situaciones profesionales, debates abiertos \u00a0o centrarse en un aspecto concreto del aprendizaje y trabajarlo con intensidad.<\/p>\n<p>&nbsp;<\/p>\n<h3><strong>Metodolog\u00eda<\/strong><\/h3>\n<ul>\n<li>Formato en grupos reducidos con m\u00e1ximo 6 alumnos.<\/li>\n<li>Elaboraci\u00f3n de programas y objetivos \u00a0trimestrales.<\/li>\n<li>Mandar a principio de cada trimestre el programa y material del curso.<\/li>\n<li>Un profesor nativo especialista en din\u00e1micas de grupo.<\/li>\n<\/ul>\n<p>[\/et_pb_text][et_pb_image src=\u00bbhttps:\/\/www.shakespeare-li.com\/wp-content\/uploads\/2021\/02\/graph-1.png\u00bb _builder_version=\u00bb4.3.2&#8243;][\/et_pb_image][\/et_pb_column][et_pb_column type=\u00bb1_2&#8243; _builder_version=\u00bb4.3.2&#8243;][et_pb_image src=\u00bbhttps:\/\/www.shakespeare-li.com\/wp-content\/uploads\/2020\/02\/meeting-1.jpg\u00bb _builder_version=\u00bb4.3.2&#8243;][\/et_pb_image][et_pb_text _builder_version=\u00bb4.3.2&#8243; custom_margin=\u00bb-13px|||||\u00bb custom_padding=\u00bb0px|||||\u00bb]<\/p>\n<h3><strong>\u00bfA qui\u00e9nes van dirigidas?<\/strong><\/h3>\n<p>A profesionales que comparten unas necesidades de aprendizaje del idioma en un \u00e1mbito com\u00fan de desarrollo personal, ya sea este general o de negocios.<\/p>\n<p>&nbsp;<\/p>\n<h3><strong>Feedback \/ Seguimiento <\/strong><\/h3>\n<ul>\n<li>Plan de estudios com\u00fan para el grupo<\/li>\n<li>Informe trimestral de consecuci\u00f3n de objetivos<\/li>\n<li>Control de calidad trimestral mediante formularios de evaluaci\u00f3n de la acci\u00f3n formativa por parte del alumno.<\/li>\n<li>Controles de seguimiento de la acci\u00f3n formativa por parte del profesor, con envi\u00f3 de informe sobre la progresi\u00f3n del alumno.<\/li>\n<li>Informe trimestral personalizado para cada integrante del grupo con feedback personalizado de su progresi\u00f3n,\u00a0recomendaciones para seguir mejorando y aprovechando el curso.<\/li>\n<li>Informe fin de curso con \u00a0an\u00e1lisis de la evoluci\u00f3n del nivel y recomendaciones personalizadas para seguir mejorando.<\/li>\n<\/ul>\n<p>[\/et_pb_text][\/et_pb_column][\/et_pb_row][\/et_pb_section]<\/p>","protected":false},"excerpt":{"rendered":"<p>[et_pb_section fb_built=\u00bb1&#8243; custom_padding_last_edited=\u00bbon|desktop\u00bb admin_label=\u00bbHeader\u00bb _builder_version=\u00bb3.22&#8243; background_image=\u00bbhttps:\/\/www.shakespeare-li.com\/wp-content\/uploads\/2020\/02\/language-school-06.png\u00bb background_size=\u00bbcontain\u00bb background_position=\u00bbtop_right\u00bb custom_padding=\u00bb110px||3px||false|false\u00bb custom_padding_tablet=\u00bb140px|0px|50px|0px|false|false\u00bb custom_padding_phone=\u00bb120px|||\u00bb][et_pb_row column_structure=\u00bb1_2,1_2&#8243; _builder_version=\u00bb3.25&#8243; max_width=\u00bb1280px\u00bb use_custom_width=\u00bbon\u00bb custom_width_px=\u00bb1280px\u00bb][et_pb_column type=\u00bb1_2&#8243; _builder_version=\u00bb3.25&#8243; custom_padding=\u00bb|||\u00bb custom_padding__hover=\u00bb|||\u00bb][et_pb_text _builder_version=\u00bb3.27.4&#8243; text_font=\u00bb||||||||\u00bb text_font_size=\u00bb18px\u00bb text_line_height=\u00bb2em\u00bb header_font=\u00bbEB Garamond||||||||\u00bb header_font_size=\u00bb60px\u00bb header_line_height=\u00bb1.3em\u00bb header_4_font=\u00bb|700||on|||||\u00bb header_4_text_color=\u00bb#ffdaa4&#8243; header_4_font_size=\u00bb16px\u00bb header_4_letter_spacing=\u00bb2px\u00bb header_4_line_height=\u00bb2em\u00bb max_width=\u00bb600px\u00bb text_font_size_tablet=\u00bb\u00bb text_font_size_phone=\u00bb15px\u00bb text_font_size_last_edited=\u00bbon|desktop\u00bb text_line_height_tablet=\u00bb\u00bb text_line_height_phone=\u00bb1.6em\u00bb text_line_height_last_edited=\u00bbon|phone\u00bb header_font_size_tablet=\u00bb50px\u00bb header_font_size_phone=\u00bb32px\u00bb header_font_size_last_edited=\u00bbon|phone\u00bb] In company Nuestros Cursos de Idiomas para Profesionales Cursos de idiomas elaborados [&hellip;]<\/p>","protected":false},"author":4,"featured_media":0,"parent":0,"menu_order":0,"comment_status":"closed","ping_status":"closed","template":"","meta":{"_et_pb_use_builder":"on","_et_pb_old_content":"","_et_gb_content_width":""},"_links":{"self":[{"href":"https:\/\/www.shakespeare-li.com\/en\/wp-json\/wp\/v2\/pages\/1188"}],"collection":[{"href":"https:\/\/www.shakespeare-li.com\/en\/wp-json\/wp\/v2\/pages"}],"about":[{"href":"https:\/\/www.shakespeare-li.com\/en\/wp-json\/wp\/v2\/types\/page"}],"author":[{"embeddable":true,"href":"https:\/\/www.shakespeare-li.com\/en\/wp-json\/wp\/v2\/users\/4"}],"replies":[{"embeddable":true,"href":"https:\/\/www.shakespeare-li.com\/en\/wp-json\/wp\/v2\/comments?post=1188"}],"version-history":[{"count":2,"href":"https:\/\/www.shakespeare-li.com\/en\/wp-json\/wp\/v2\/pages\/1188\/revisions"}],"predecessor-version":[{"id":1191,"href":"https:\/\/www.shakespeare-li.com\/en\/wp-json\/wp\/v2\/pages\/1188\/revisions\/1191"}],"wp:attachment":[{"href":"https:\/\/www.shakespeare-li.com\/en\/wp-json\/wp\/v2\/media?parent=1188"}],"curies":[{"name":"wp","href":"https:\/\/api.w.org\/{rel}","templated":true}]}}