{"id":1263,"date":"2021-02-08T15:22:47","date_gmt":"2021-02-08T15:22:47","guid":{"rendered":"https:\/\/www.shakespeare-li.com\/?page_id=1263"},"modified":"2021-02-08T15:22:47","modified_gmt":"2021-02-08T15:22:47","slug":"clases-in-company","status":"publish","type":"page","link":"https:\/\/www.shakespeare-li.com\/en\/clases-in-company\/","title":{"rendered":"clases in company"},"content":{"rendered":"<p>[et_pb_section fb_built=\u00bb1&#8243; admin_label=\u00bbFeatures\u00bb _builder_version=\u00bb4.3.2&#8243; custom_padding=\u00bb0px||2px|||\u00bb][et_pb_row column_structure=\u00bb1_2,1_2&#8243; _builder_version=\u00bb4.3.2&#8243;][et_pb_column type=\u00bb1_2&#8243; _builder_version=\u00bb4.3.2&#8243;][et_pb_image src=\u00bbhttps:\/\/www.shakespeare-li.com\/wp-content\/uploads\/2021\/02\/Screenshot-2021-02-05-at-17.37.03-2.png\u00bb _builder_version=\u00bb4.3.2&#8243; custom_margin=\u00bb-25px|||-2px||\u00bb custom_padding=\u00bb0px|182px|0px|49px||\u00bb][\/et_pb_image][\/et_pb_column][et_pb_column type=\u00bb1_2&#8243; _builder_version=\u00bb4.3.2&#8243;][et_pb_text _builder_version=\u00bb4.3.2&#8243; text_text_color=\u00bb#e02b20&#8243; custom_margin=\u00bb-24px|||||\u00bb custom_padding=\u00bb0px|||||\u00bb]<\/p>\n<p>&nbsp;<\/p>\n<h2 style=\"text-align: right;\"><strong><span style=\"color: #ff0000;\"><a href=\"mailto:admin@shakespeare-li.com\" style=\"color: #ff0000;\">admin@shakespeare-li.com<\/a><\/span><\/strong><\/h2>\n<p><strong><span style=\"color: #ff0000;\">\u00a0<\/span><\/strong><\/p>\n<h2 style=\"text-align: right;\"><strong><span style=\"color: #ff0000;\">649 52 13 02<\/span><\/strong><\/h2>\n<p>[\/et_pb_text][\/et_pb_column][\/et_pb_row][\/et_pb_section][et_pb_section fb_built=\u00bb1&#8243; admin_label=\u00bbObjectives\u00bb _builder_version=\u00bb3.22&#8243; custom_padding=\u00bb2px|||||\u00bb][et_pb_row _builder_version=\u00bb4.3.2&#8243;][et_pb_column type=\u00bb4_4&#8243; _builder_version=\u00bb4.3.2&#8243;][et_pb_text _builder_version=\u00bb4.3.2&#8243; text_font=\u00bbEB Garamond|700|||||||\u00bb text_text_color=\u00bbrgba(0,0,0,0.02)\u00bb text_font_size=\u00bb80px\u00bb text_line_height=\u00bb0em\u00bb header_2_font=\u00bbEB Garamond||||||||\u00bb header_2_font_size=\u00bb50px\u00bb header_2_line_height=\u00bb1.3em\u00bb text_orientation=\u00bbcenter\u00bb text_font_size_tablet=\u00bb50px\u00bb text_font_size_phone=\u00bb30px\u00bb text_font_size_last_edited=\u00bbon|desktop\u00bb header_2_font_size_tablet=\u00bb40px\u00bb header_2_font_size_phone=\u00bb30px\u00bb header_2_font_size_last_edited=\u00bbon|phone\u00bb]<\/p>\n<p>In-person Classes<\/p>\n<h2>In-person Classes<\/h2>\n<p>[\/et_pb_text][\/et_pb_column][\/et_pb_row][et_pb_row column_structure=\u00bb1_2,1_2&#8243; _builder_version=\u00bb4.3.2&#8243; width=\u00bb80.4%\u00bb custom_padding=\u00bb||28px|||\u00bb][et_pb_column type=\u00bb1_2&#8243; _builder_version=\u00bb4.3.2&#8243;][et_pb_text _builder_version=\u00bb4.3.2&#8243; text_font=\u00bbEB Garamond|700|||||||\u00bb]<\/p>\n<h1 style=\"text-align: center;\"><strong>One-to-one classes<\/strong><\/h1>\n<p>[\/et_pb_text][et_pb_image src=\u00bbhttps:\/\/www.shakespeare-li.com\/wp-content\/uploads\/2021\/02\/Screenshot-2021-02-05-at-17.21.58.png\u00bb _builder_version=\u00bb4.3.2&#8243;][\/et_pb_image][et_pb_text _builder_version=\u00bb4.3.2&#8243;]<\/p>\n<p style=\"text-align: justify;\">With our one-to-one classes, the professional converts their specific language learning needs into goals to be achieved within a certain period of time which we establish with them during the analysis of their learning objectives and the implementation of the training plan.<\/p>\n<p>The objective of these classes is to focus the teaching on the professional's specific areas of improvement. Classes are personalised and adapted to the objectives and needs of the professional that are identified at the beginning of the course.<\/p>\n<p>[\/et_pb_text][\/et_pb_column][et_pb_column type=\u00bb1_2&#8243; _builder_version=\u00bb4.3.2&#8243;][et_pb_text _builder_version=\u00bb4.3.2&#8243; text_font=\u00bbEB Garamond|700|||||||\u00bb]<\/p>\n<h1 style=\"text-align: center;\"><strong>Group Classes<\/strong><\/h1>\n<p>[\/et_pb_text][et_pb_image src=\u00bbhttps:\/\/www.shakespeare-li.com\/wp-content\/uploads\/2020\/02\/meeting.jpg\u00bb align=\u00bbcenter\u00bb _builder_version=\u00bb4.3.2&#8243; custom_margin=\u00bb|||44px||\u00bb][\/et_pb_image][et_pb_text _builder_version=\u00bb4.3.2&#8243;]<\/p>\n<p style=\"text-align: justify;\"><span>For group face-to-face classes, a pre-level test and needs analysis is completed to organise the groups in homogeneous levels and similar objectives. We establish a study plan by level based on the needs of the group, taking advantage of group dynamics.<\/span><\/p>\n<p>[\/et_pb_text][\/et_pb_column][\/et_pb_row][et_pb_row _builder_version=\u00bb4.3.2&#8243;][et_pb_column type=\u00bb4_4&#8243; _builder_version=\u00bb4.3.2&#8243;][et_pb_text _builder_version=\u00bb4.3.2&#8243; text_font=\u00bbEB Garamond|700|||||||\u00bb text_text_color=\u00bbrgba(0,0,0,0.02)\u00bb text_font_size=\u00bb80px\u00bb text_line_height=\u00bb0em\u00bb header_2_font=\u00bbEB Garamond||||||||\u00bb header_2_font_size=\u00bb50px\u00bb header_2_line_height=\u00bb1.3em\u00bb text_orientation=\u00bbcenter\u00bb text_font_size_tablet=\u00bb50px\u00bb text_font_size_phone=\u00bb30px\u00bb text_font_size_last_edited=\u00bbon|desktop\u00bb header_2_font_size_tablet=\u00bb40px\u00bb header_2_font_size_phone=\u00bb30px\u00bb header_2_font_size_last_edited=\u00bbon|phone\u00bb]<\/p>\n<p>Distance Learning<\/p>\n<h2>Distance Learning<\/h2>\n<p>[\/et_pb_text][\/et_pb_column][\/et_pb_row][et_pb_row column_structure=\u00bb1_2,1_2&#8243; _builder_version=\u00bb4.3.2&#8243; width=\u00bb80.4%\u00bb custom_padding=\u00bb||28px|||\u00bb][et_pb_column type=\u00bb1_2&#8243; _builder_version=\u00bb4.3.2&#8243;][et_pb_text _builder_version=\u00bb4.3.2&#8243; text_font=\u00bbEB Garamond|700|||||||\u00bb link_option_url=\u00bbhttps:\/\/www.shakespeare-li.com\/clases-virtuales-2\/\u00bb link_option_url_new_window=\u00bbon\u00bb]<\/p>\n<h1 style=\"text-align: center;\"><strong>Virtual Classes<\/strong><\/h1>\n<p>[\/et_pb_text][et_pb_image src=\u00bbhttps:\/\/www.shakespeare-li.com\/wp-content\/uploads\/2021\/02\/Clases-virtuales.png\u00bb _builder_version=\u00bb4.3.2&#8243;][\/et_pb_image][et_pb_text _builder_version=\u00bb4.3.2&#8243;]<\/p>\n<p style=\"text-align: justify;\">With our virtual classes the student will have all the advantages of a face-to-face class with the flexibility of online classes. Classes are dynamic with fluid interactions. The ability to see the gestures and body language of the student and teacher allows for more effective and personal communication.<\/p>\n<p style=\"text-align: justify;\">Virtual classes allow the possibility of one-to-one or group classes when participants are in different locations. The student can maintain their learning during business trips, working from home and from their office.<\/p>\n<p>[\/et_pb_text][\/et_pb_column][et_pb_column type=\u00bb1_2&#8243; _builder_version=\u00bb4.3.2&#8243;][et_pb_text _builder_version=\u00bb4.3.2&#8243; text_font=\u00bbEB Garamond|700|||||||\u00bb link_option_url=\u00bbhttps:\/\/www.shakespeare-li.com\/clases-telefonicas\/\u00bb link_option_url_new_window=\u00bbon\u00bb]<\/p>\n<h1 style=\"text-align: center;\"><strong>Classes by telephone<\/strong><\/h1>\n<p>[\/et_pb_text][et_pb_image src=\u00bbhttps:\/\/www.shakespeare-li.com\/wp-content\/uploads\/2021\/02\/business-foto-.jpg\u00bb _builder_version=\u00bb4.3.2&#8243; custom_padding=\u00bb|||5px||\u00bb][\/et_pb_image][et_pb_text _builder_version=\u00bb4.3.2&#8243;]<\/p>\n<p style=\"text-align: justify;\">Telephone classes are ideal for professionals looking for flexibility and a much greater result in improving listening and speaking skills, achieving more fluency and confidence in less time.\u00a0<\/p>\n<p style=\"text-align: justify;\">This class format improves communication without visual support, the absence of body language increases the difficulty in oral comprehension, which makes it a very effective method to develop strategies that improve our capacity for understanding and communication.<\/p>\n<p>[\/et_pb_text][\/et_pb_column][\/et_pb_row][et_pb_row _builder_version=\u00bb4.3.2&#8243;][et_pb_column type=\u00bb4_4&#8243; _builder_version=\u00bb4.3.2&#8243;][et_pb_text _builder_version=\u00bb4.3.2&#8243; text_font=\u00bbEB Garamond|700|||||||\u00bb link_option_url=\u00bbhttps:\/\/www.shakespeare-li.com\/clases-online\/\u00bb link_option_url_new_window=\u00bbon\u00bb]<\/p>\n<h1 style=\"text-align: center;\"><strong>Online classes<\/strong><\/h1>\n<p>[\/et_pb_text][et_pb_image src=\u00bbhttps:\/\/www.shakespeare-li.com\/wp-content\/uploads\/2021\/02\/pexels-burst-374720-scaled.jpg\u00bb _builder_version=\u00bb4.3.2&#8243; width=\u00bb68.5%\u00bb custom_margin=\u00bb|||254px||\u00bb custom_padding=\u00bb|191px||49px||\u00bb][\/et_pb_image][et_pb_text _builder_version=\u00bb4.3.2&#8243; custom_margin=\u00bb|246px||26px||\u00bb custom_padding=\u00bb|29px||275px||\u00bb]<\/p>\n<p>Ofrecemos cursos excelentes de ingl\u00e9s, espa\u00f1ol, franc\u00e9s, holand\u00e9s, alem\u00e1n, italiano y portugu\u00e9s. Mejorar en las 4 destrezas, expresi\u00f3n oral y escrita y comprensi\u00f3n oral y escrita, adem\u00e1s del vocabulario y la gram\u00e1tica del idioma.<\/p>\n<p>Our online platform offers courses for all CEFR levels; A1, A2, B1, B2, C1 and C2. In other words, whatever the level of the student, from beginner to bilingual, we have online courses to improve their language skills.<\/p>\n<p>[\/et_pb_text][\/et_pb_column][\/et_pb_row][\/et_pb_section]<\/p>","protected":false},"excerpt":{"rendered":"<p>[et_pb_section fb_built=\u00bb1&#8243; admin_label=\u00bbFeatures\u00bb _builder_version=\u00bb4.3.2&#8243; custom_padding=\u00bb0px||2px|||\u00bb][et_pb_row column_structure=\u00bb1_2,1_2&#8243; _builder_version=\u00bb4.3.2&#8243;][et_pb_column type=\u00bb1_2&#8243; _builder_version=\u00bb4.3.2&#8243;][et_pb_image src=\u00bbhttps:\/\/www.shakespeare-li.com\/wp-content\/uploads\/2021\/02\/Screenshot-2021-02-05-at-17.37.03-2.png\u00bb _builder_version=\u00bb4.3.2&#8243; custom_margin=\u00bb-25px|||-2px||\u00bb custom_padding=\u00bb0px|182px|0px|49px||\u00bb][\/et_pb_image][\/et_pb_column][et_pb_column type=\u00bb1_2&#8243; _builder_version=\u00bb4.3.2&#8243;][et_pb_text _builder_version=\u00bb4.3.2&#8243; text_text_color=\u00bb#e02b20&#8243; custom_margin=\u00bb-24px|||||\u00bb custom_padding=\u00bb0px|||||\u00bb] &nbsp; admin@shakespeare-li.com \u00a0 649 52 13 02 [\/et_pb_text][\/et_pb_column][\/et_pb_row][\/et_pb_section][et_pb_section fb_built=\u00bb1&#8243; admin_label=\u00bbObjectives\u00bb _builder_version=\u00bb3.22&#8243; custom_padding=\u00bb2px|||||\u00bb][et_pb_row _builder_version=\u00bb4.3.2&#8243;][et_pb_column type=\u00bb4_4&#8243; _builder_version=\u00bb4.3.2&#8243;][et_pb_text _builder_version=\u00bb4.3.2&#8243; text_font=\u00bbEB Garamond|700|||||||\u00bb text_text_color=\u00bbrgba(0,0,0,0.02)\u00bb text_font_size=\u00bb80px\u00bb text_line_height=\u00bb0em\u00bb header_2_font=\u00bbEB Garamond||||||||\u00bb header_2_font_size=\u00bb50px\u00bb header_2_line_height=\u00bb1.3em\u00bb text_orientation=\u00bbcenter\u00bb text_font_size_tablet=\u00bb50px\u00bb text_font_size_phone=\u00bb30px\u00bb text_font_size_last_edited=\u00bbon|desktop\u00bb header_2_font_size_tablet=\u00bb40px\u00bb header_2_font_size_phone=\u00bb30px\u00bb header_2_font_size_last_edited=\u00bbon|phone\u00bb] Clases Presenciales Clases Presenciales [&hellip;]<\/p>","protected":false},"author":4,"featured_media":0,"parent":0,"menu_order":0,"comment_status":"closed","ping_status":"closed","template":"","meta":{"_et_pb_use_builder":"on","_et_pb_old_content":"","_et_gb_content_width":""},"_links":{"self":[{"href":"https:\/\/www.shakespeare-li.com\/en\/wp-json\/wp\/v2\/pages\/1263"}],"collection":[{"href":"https:\/\/www.shakespeare-li.com\/en\/wp-json\/wp\/v2\/pages"}],"about":[{"href":"https:\/\/www.shakespeare-li.com\/en\/wp-json\/wp\/v2\/types\/page"}],"author":[{"embeddable":true,"href":"https:\/\/www.shakespeare-li.com\/en\/wp-json\/wp\/v2\/users\/4"}],"replies":[{"embeddable":true,"href":"https:\/\/www.shakespeare-li.com\/en\/wp-json\/wp\/v2\/comments?post=1263"}],"version-history":[{"count":5,"href":"https:\/\/www.shakespeare-li.com\/en\/wp-json\/wp\/v2\/pages\/1263\/revisions"}],"predecessor-version":[{"id":1275,"href":"https:\/\/www.shakespeare-li.com\/en\/wp-json\/wp\/v2\/pages\/1263\/revisions\/1275"}],"wp:attachment":[{"href":"https:\/\/www.shakespeare-li.com\/en\/wp-json\/wp\/v2\/media?parent=1263"}],"curies":[{"name":"wp","href":"https:\/\/api.w.org\/{rel}","templated":true}]}}