{"id":1302,"date":"2021-02-08T18:50:52","date_gmt":"2021-02-08T18:50:52","guid":{"rendered":"https:\/\/www.shakespeare-li.com\/?page_id=1302"},"modified":"2021-02-08T19:24:44","modified_gmt":"2021-02-08T19:24:44","slug":"rafa-nadal-tennis-academy","status":"publish","type":"page","link":"https:\/\/www.shakespeare-li.com\/en\/rafa-nadal-tennis-academy\/","title":{"rendered":"Rafa Nadal Tennis Academy"},"content":{"rendered":"<p>[et_pb_section fb_built=\u00bb1&#8243; admin_label=\u00bbCourses\u00bb _builder_version=\u00bb3.22&#8243; custom_margin=\u00bb-120px||11px|||\u00bb custom_padding=\u00bb0px|0px|35px|0px|false|false\u00bb][\/et_pb_section][et_pb_section fb_built=\u00bb1&#8243; admin_label=\u00bbFeatures\u00bb _builder_version=\u00bb4.3.2&#8243; custom_padding=\u00bb0px||2px|||\u00bb][et_pb_row column_structure=\u00bb1_2,1_2&#8243; _builder_version=\u00bb4.3.2&#8243; custom_margin=\u00bb79px|auto||auto||\u00bb][et_pb_column type=\u00bb1_2&#8243; _builder_version=\u00bb4.3.2&#8243;][et_pb_image src=\u00bbhttps:\/\/www.shakespeare-li.com\/wp-content\/uploads\/2021\/02\/Screenshot-2021-02-05-at-17.37.03-2.png\u00bb _builder_version=\u00bb4.3.2&#8243; custom_margin=\u00bb-25px|||-2px||\u00bb custom_padding=\u00bb0px|182px|0px|49px||\u00bb][\/et_pb_image][\/et_pb_column][et_pb_column type=\u00bb1_2&#8243; _builder_version=\u00bb4.3.2&#8243;][et_pb_text _builder_version=\u00bb4.3.2&#8243; text_text_color=\u00bb#e02b20&#8243; custom_margin=\u00bb-24px|||||\u00bb custom_padding=\u00bb0px|||||\u00bb]<\/p>\n<p>&nbsp;<\/p>\n<h2 style=\"text-align: right;\"><strong><span style=\"color: #ff0000;\"><a href=\"mailto:admin@shakespeare-li.com\" style=\"color: #ff0000;\">admin@shakespeare-li.com<\/a><\/span><\/strong><\/h2>\n<p><strong><span style=\"color: #ff0000;\">\u00a0<\/span><\/strong><\/p>\n<h2 style=\"text-align: right;\"><strong><span style=\"color: #ff0000;\">+34 649 52 13 02<\/span><\/strong><\/h2>\n<p>[\/et_pb_text][\/et_pb_column][\/et_pb_row][\/et_pb_section][et_pb_section fb_built=\u00bb1&#8243; fullwidth=\u00bbon\u00bb _builder_version=\u00bb4.3.2&#8243; custom_margin=\u00bb-22px|||||\u00bb][et_pb_fullwidth_slider _builder_version=\u00bb4.3.2&#8243; min_height=\u00bb706px\u00bb][et_pb_slide heading=\u00bbRafa Nadal Tennis Academy\u00bb _builder_version=\u00bb4.3.2&#8243; header_font=\u00bb|700|||||||\u00bb header_font_size=\u00bb80px\u00bb background_image=\u00bbhttps:\/\/www.shakespeare-li.com\/wp-content\/uploads\/2021\/02\/Pool-and-court-scaled.jpg\u00bb background_enable_image=\u00bbon\u00bb][\/et_pb_slide][et_pb_slide heading=\u00bbRafa Nadal Tennis Academy\u00bb _builder_version=\u00bb4.3.2&#8243; header_font=\u00bb|700|||||||\u00bb header_font_size=\u00bb80px\u00bb background_image=\u00bbhttps:\/\/www.shakespeare-li.com\/wp-content\/uploads\/2021\/02\/Tennis-court-scaled.jpg\u00bb background_enable_image=\u00bbon\u00bb][\/et_pb_slide][et_pb_slide heading=\u00bbRafa Nadal Tennis Academy\u00bb _builder_version=\u00bb4.3.2&#8243; header_font=\u00bb|700|||||||\u00bb header_font_size=\u00bb80px\u00bb background_image=\u00bbhttps:\/\/www.shakespeare-li.com\/wp-content\/uploads\/2021\/02\/Indoor-court-scaled.jpg\u00bb background_enable_image=\u00bbon\u00bb][\/et_pb_slide][et_pb_slide heading=\u00bbRafa Nadal Tennis Academy\u00bb _builder_version=\u00bb4.3.2&#8243; header_font=\u00bb|700|||||||\u00bb header_font_size=\u00bb80px\u00bb background_image=\u00bbhttps:\/\/www.shakespeare-li.com\/wp-content\/uploads\/2021\/02\/Gym-scaled.jpg\u00bb background_enable_image=\u00bbon\u00bb][\/et_pb_slide][\/et_pb_fullwidth_slider][\/et_pb_section][et_pb_section fb_built=\u00bb1&#8243; _builder_version=\u00bb4.3.2&#8243; custom_padding=\u00bb||21px|||\u00bb][et_pb_row column_structure=\u00bb1_2,1_2&#8243; _builder_version=\u00bb4.3.2&#8243; width=\u00bb80.4%\u00bb custom_padding=\u00bb||28px|||\u00bb][et_pb_column type=\u00bb1_2&#8243; _builder_version=\u00bb4.3.2&#8243;][et_pb_text _builder_version=\u00bb4.3.2&#8243; text_font=\u00bbEB Garamond|700|||||||\u00bb link_option_url=\u00bbhttps:\/\/www.shakespeare-li.com\/clases-virtuales-2\/\u00bb link_option_url_new_window=\u00bbon\u00bb]<\/p>\n<h1 style=\"text-align: center;\"><strong>Instalaciones<\/strong><\/h1>\n<p>[\/et_pb_text][et_pb_text _builder_version=\u00bb4.3.2&#8243;]<\/p>\n<ul>\n<li><span>27 pistas de tenis reglamentarias de diferentes superficies (tierra batida y pista r\u00e1pida), outdoor e indoor<\/span><\/li>\n<li><span>Cl\u00ednica especializada en medicina deportiva, fisioterapia y nutrici\u00f3n<\/span><\/li>\n<li>American International School of Mallorca<\/li>\n<li><span>Residencia tutelada exclusiva para los alumnos<\/span><\/li>\n<li><span>Fitness Centre con equipamientos de \u00faltima generaci\u00f3n<\/span><\/li>\n<li><span>2 piscinas (cubierta y descubierta)<\/span><\/li>\n<li><span>Campo de F\u00fatbol 7<\/span><\/li>\n<li><span>Pista polideportiva reglamentaria para la pr\u00e1ctica de diferentes deportes<\/span><\/li>\n<li><span>7 pistas de p\u00e1del<\/span><\/li>\n<li><span>Restaurante y Bar-Cafeter\u00eda<\/span><\/li>\n<li><span>Pro Shop<\/span><\/li>\n<li><span>Zonas verdes y jardines<\/span><\/li>\n<\/ul>\n<p>[\/et_pb_text][\/et_pb_column][et_pb_column type=\u00bb1_2&#8243; _builder_version=\u00bb4.3.2&#8243;][et_pb_text _builder_version=\u00bb4.3.2&#8243; text_font=\u00bbEB Garamond|700|||||||\u00bb link_option_url=\u00bbhttps:\/\/www.shakespeare-li.com\/clases-telefonicas\/\u00bb link_option_url_new_window=\u00bbon\u00bb]<\/p>\n<h1 style=\"text-align: center;\"><strong>El programa semanal incluye:<\/strong><\/h1>\n<p>[\/et_pb_text][et_pb_text _builder_version=\u00bb4.3.2&#8243;]<\/p>\n<p style=\"text-align: right;\"><span>20,5 horas de entrenamiento de tenis. <\/span><\/p>\n<p style=\"text-align: right;\"><span>10 horas semanales de preparaci\u00f3n f\u00edsica \/ Actividades deportivas.<\/span><\/p>\n<p style=\"text-align: right;\"><span>6 horas de actividad \u201cBuilding a Champion\u201d. <\/span><\/p>\n<p style=\"text-align: right;\"><span>4 horas de actividades l\u00fadicas y excursi\u00f3n. <\/span><\/p>\n<p style=\"text-align: right;\"><span>Alojamiento en residencia tutelada dentro de la Academia.<\/span><\/p>\n<p style=\"text-align: right;\"><span>Desayuno, comida, merienda y cena. <\/span><\/p>\n<p style=\"text-align: right;\"><span>Atenci\u00f3n m\u00e9dica, servicio de fisioterapia (si se requiere) y de nutrici\u00f3n. <\/span><\/p>\n<p style=\"text-align: right;\"><span>Competiciones los s\u00e1bados. <\/span><\/p>\n<p style=\"text-align: right;\"><span>Paquete de bienvenida.<\/span><\/p>\n<p>[\/et_pb_text][\/et_pb_column][\/et_pb_row][et_pb_row _builder_version=\u00bb4.3.2&#8243;][et_pb_column type=\u00bb4_4&#8243; _builder_version=\u00bb4.3.2&#8243;][et_pb_text _builder_version=\u00bb4.3.2&#8243; text_font=\u00bbEB Garamond|700|||||||\u00bb link_option_url=\u00bbhttps:\/\/www.shakespeare-li.com\/clases-online\/\u00bb link_option_url_new_window=\u00bbon\u00bb]<\/p>\n<h1 style=\"text-align: center;\"><strong>Accommodation<\/strong><\/h1>\n<p>[\/et_pb_text][et_pb_text _builder_version=\u00bb4.3.2&#8243; custom_margin=\u00bb|248px||||\u00bb custom_padding=\u00bb|||275px||\u00bb]<\/p>\n<p style=\"text-align: center;\"><span>Alojamiento completo en habitaci\u00f3n compartida<\/span><\/p>\n<p style=\"text-align: center;\"><span>Comidas<\/span><\/p>\n<p style=\"text-align: center;\"><span>Servicio de lavander\u00eda (para estancias de 2 semanas o m\u00e1s)<\/span><\/p>\n<p style=\"text-align: center;\"><span>Acceso a Internet Wi-Fi<\/span><\/p>\n<p style=\"text-align: center;\"><span>Acceso a Sala de Recreo<\/span><\/p>\n<p>[\/et_pb_text][et_pb_text _builder_version=\u00bb4.3.2&#8243; text_font=\u00bbEB Garamond|700|||||||\u00bb text_text_color=\u00bbrgba(0,0,0,0.02)\u00bb text_font_size=\u00bb80px\u00bb text_line_height=\u00bb0em\u00bb header_2_font=\u00bbEB Garamond||||||||\u00bb header_2_font_size=\u00bb50px\u00bb header_2_line_height=\u00bb1.3em\u00bb text_orientation=\u00bbcenter\u00bb custom_margin=\u00bb21px|||||\u00bb text_font_size_tablet=\u00bb50px\u00bb text_font_size_phone=\u00bb30px\u00bb text_font_size_last_edited=\u00bbon|desktop\u00bb header_2_font_size_tablet=\u00bb40px\u00bb header_2_font_size_phone=\u00bb30px\u00bb header_2_font_size_last_edited=\u00bbon|phone\u00bb]<\/p>\n<p>Horario<\/p>\n<h2>Horario<\/h2>\n<p>[\/et_pb_text][et_pb_image src=\u00bbhttps:\/\/www.shakespeare-li.com\/wp-content\/uploads\/2021\/02\/Nadal-timetable1-esp.png\u00bb align=\u00bbcenter\u00bb _builder_version=\u00bb4.3.2&#8243;][\/et_pb_image][et_pb_image src=\u00bbhttps:\/\/www.shakespeare-li.com\/wp-content\/uploads\/2021\/02\/Nadal-timetable2-esp.png\u00bb align=\u00bbcenter\u00bb _builder_version=\u00bb4.3.2&#8243;][\/et_pb_image][\/et_pb_column][\/et_pb_row][\/et_pb_section]<\/p>","protected":false},"excerpt":{"rendered":"<p>[et_pb_section fb_built=\u00bb1&#8243; admin_label=\u00bbCourses\u00bb _builder_version=\u00bb3.22&#8243; custom_margin=\u00bb-120px||11px|||\u00bb custom_padding=\u00bb0px|0px|35px|0px|false|false\u00bb][\/et_pb_section][et_pb_section fb_built=\u00bb1&#8243; admin_label=\u00bbFeatures\u00bb _builder_version=\u00bb4.3.2&#8243; custom_padding=\u00bb0px||2px|||\u00bb][et_pb_row column_structure=\u00bb1_2,1_2&#8243; _builder_version=\u00bb4.3.2&#8243; custom_margin=\u00bb79px|auto||auto||\u00bb][et_pb_column type=\u00bb1_2&#8243; _builder_version=\u00bb4.3.2&#8243;][et_pb_image src=\u00bbhttps:\/\/www.shakespeare-li.com\/wp-content\/uploads\/2021\/02\/Screenshot-2021-02-05-at-17.37.03-2.png\u00bb _builder_version=\u00bb4.3.2&#8243; custom_margin=\u00bb-25px|||-2px||\u00bb custom_padding=\u00bb0px|182px|0px|49px||\u00bb][\/et_pb_image][\/et_pb_column][et_pb_column type=\u00bb1_2&#8243; _builder_version=\u00bb4.3.2&#8243;][et_pb_text _builder_version=\u00bb4.3.2&#8243; text_text_color=\u00bb#e02b20&#8243; custom_margin=\u00bb-24px|||||\u00bb custom_padding=\u00bb0px|||||\u00bb] &nbsp; admin@shakespeare-li.com \u00a0 +34 649 52 13 02 [\/et_pb_text][\/et_pb_column][\/et_pb_row][\/et_pb_section][et_pb_section fb_built=\u00bb1&#8243; fullwidth=\u00bbon\u00bb _builder_version=\u00bb4.3.2&#8243; custom_margin=\u00bb-22px|||||\u00bb][et_pb_fullwidth_slider _builder_version=\u00bb4.3.2&#8243; min_height=\u00bb706px\u00bb][et_pb_slide heading=\u00bbRafa Nadal Tennis Academy\u00bb _builder_version=\u00bb4.3.2&#8243; header_font=\u00bb|700|||||||\u00bb header_font_size=\u00bb80px\u00bb background_image=\u00bbhttps:\/\/www.shakespeare-li.com\/wp-content\/uploads\/2021\/02\/Pool-and-court-scaled.jpg\u00bb background_enable_image=\u00bbon\u00bb][\/et_pb_slide][et_pb_slide heading=\u00bbRafa Nadal Tennis Academy\u00bb _builder_version=\u00bb4.3.2&#8243; header_font=\u00bb|700|||||||\u00bb [&hellip;]<\/p>","protected":false},"author":4,"featured_media":0,"parent":0,"menu_order":0,"comment_status":"closed","ping_status":"closed","template":"","meta":{"_et_pb_use_builder":"on","_et_pb_old_content":"","_et_gb_content_width":""},"_links":{"self":[{"href":"https:\/\/www.shakespeare-li.com\/en\/wp-json\/wp\/v2\/pages\/1302"}],"collection":[{"href":"https:\/\/www.shakespeare-li.com\/en\/wp-json\/wp\/v2\/pages"}],"about":[{"href":"https:\/\/www.shakespeare-li.com\/en\/wp-json\/wp\/v2\/types\/page"}],"author":[{"embeddable":true,"href":"https:\/\/www.shakespeare-li.com\/en\/wp-json\/wp\/v2\/users\/4"}],"replies":[{"embeddable":true,"href":"https:\/\/www.shakespeare-li.com\/en\/wp-json\/wp\/v2\/comments?post=1302"}],"version-history":[{"count":11,"href":"https:\/\/www.shakespeare-li.com\/en\/wp-json\/wp\/v2\/pages\/1302\/revisions"}],"predecessor-version":[{"id":1328,"href":"https:\/\/www.shakespeare-li.com\/en\/wp-json\/wp\/v2\/pages\/1302\/revisions\/1328"}],"wp:attachment":[{"href":"https:\/\/www.shakespeare-li.com\/en\/wp-json\/wp\/v2\/media?parent=1302"}],"curies":[{"name":"wp","href":"https:\/\/api.w.org\/{rel}","templated":true}]}}