{"id":149,"date":"2020-02-07T09:34:33","date_gmt":"2020-02-07T09:34:33","guid":{"rendered":"https:\/\/www.shakespeare-li.com\/?page_id=149"},"modified":"2021-02-15T17:09:29","modified_gmt":"2021-02-15T17:09:29","slug":"sli-bmat-uk","status":"publish","type":"page","link":"https:\/\/www.shakespeare-li.com\/en\/sli-bmat-uk\/","title":{"rendered":"SLI BMAT\/UKAT"},"content":{"rendered":"<p>[et_pb_section fb_built=\u00bb1&#8243; custom_padding_last_edited=\u00bbon|desktop\u00bb admin_label=\u00bbHeader\u00bb _builder_version=\u00bb3.22&#8243; background_image=\u00bbhttps:\/\/www.shakespeare-li.com\/wp-content\/uploads\/2020\/02\/language-school-01.png\u00bb background_size=\u00bbcontain\u00bb background_position=\u00bbtop_right\u00bb custom_padding=\u00bb110px||||false|false\u00bb custom_padding_tablet=\u00bb140px|0px|50px|0px|false|false\u00bb custom_padding_phone=\u00bb120px|||\u00bb][et_pb_row column_structure=\u00bb1_2,1_2&#8243; _builder_version=\u00bb3.25&#8243; max_width=\u00bb1280px\u00bb use_custom_width=\u00bbon\u00bb custom_width_px=\u00bb1280px\u00bb][et_pb_column type=\u00bb1_2&#8243; _builder_version=\u00bb3.25&#8243; custom_padding=\u00bb|||\u00bb custom_padding__hover=\u00bb|||\u00bb][et_pb_text _builder_version=\u00bb4.3.2&#8243; text_font=\u00bb||||||||\u00bb text_font_size=\u00bb18px\u00bb text_line_height=\u00bb2em\u00bb header_font=\u00bbEB Garamond||||||||\u00bb header_font_size=\u00bb60px\u00bb header_line_height=\u00bb1.3em\u00bb max_width=\u00bb600px\u00bb hover_enabled=\u00bb0&#8243; text_font_size_tablet=\u00bb\u00bb text_font_size_phone=\u00bb15px\u00bb text_font_size_last_edited=\u00bbon|phone\u00bb text_line_height_tablet=\u00bb\u00bb text_line_height_phone=\u00bb1.6em\u00bb text_line_height_last_edited=\u00bbon|phone\u00bb header_font_size_tablet=\u00bb50px\u00bb header_font_size_phone=\u00bb32px\u00bb header_font_size_last_edited=\u00bbon|phone\u00bb]<\/p>\n<h1>BMAT\/UKCAT<\/h1>\n<p>Our BMAT course, the only BMAT provider officially associated with the Royal Society of Medicine, is designed to teach you expert strategies for excellent results. Created by qualified physicians and Oxbridge graduates, our BMAT course is trusted by hundreds of top schools and thousands of aspiring physicians each year.<\/p>\n<p>[\/et_pb_text][\/et_pb_column][et_pb_column type=\u00bb1_2&#8243; _builder_version=\u00bb3.25&#8243; custom_padding=\u00bb|||\u00bb custom_padding__hover=\u00bb|||\u00bb][\/et_pb_column][\/et_pb_row][\/et_pb_section][et_pb_section fb_built=\u00bb1&#8243; admin_label=\u00bbWhy Learn\u00bb _builder_version=\u00bb3.22&#8243; custom_padding=\u00bb||5px|||\u00bb][et_pb_row _builder_version=\u00bb3.25&#8243; custom_padding=\u00bb2px|||||\u00bb][et_pb_column type=\u00bb4_4&#8243; _builder_version=\u00bb3.25&#8243; custom_padding=\u00bb|||\u00bb custom_padding__hover=\u00bb|||\u00bb][et_pb_text _builder_version=\u00bb4.3.2&#8243; text_font=\u00bbEB Garamond|700|||||||\u00bb text_text_color=\u00bbrgba(0,0,0,0.02)\u00bb text_font_size=\u00bb80px\u00bb text_line_height=\u00bb0em\u00bb header_2_font=\u00bbEB Garamond||||||||\u00bb header_2_font_size=\u00bb50px\u00bb header_2_line_height=\u00bb1.3em\u00bb text_orientation=\u00bbcenter\u00bb hover_enabled=\u00bb0&#8243; text_font_size_tablet=\u00bb50px\u00bb text_font_size_phone=\u00bb30px\u00bb text_font_size_last_edited=\u00bbon|desktop\u00bb header_2_font_size_tablet=\u00bb40px\u00bb header_2_font_size_phone=\u00bb30px\u00bb header_2_font_size_last_edited=\u00bbon|phone\u00bb]<\/p>\n<p>\u00bfPor qu\u00e9 cursos BMAT?<\/p>\n<h2>\u00bfPor qu\u00e9 cursos BMAT?<\/h2>\n<p>[\/et_pb_text][et_pb_text _builder_version=\u00bb4.3.2&#8243; hover_enabled=\u00bb0&#8243;]<\/p>\n<p>En las universidades que exigen que los estudiantes se presenten al examen, una puntuaci\u00f3n alta de BMAT suele ser la diferencia entre obtener una entrevista o no, y una buena preparaci\u00f3n es clave. Entonces, \u00bfpor qu\u00e9 tantos estudiantes, padres y maestros conf\u00edan en nuestros cursos?<\/p>\n<p>[\/et_pb_text][\/et_pb_column][\/et_pb_row][et_pb_row column_structure=\u00bb1_2,1_2&#8243; _builder_version=\u00bb3.25&#8243;][et_pb_column type=\u00bb1_2&#8243; _builder_version=\u00bb3.25&#8243; custom_padding=\u00bb|||\u00bb custom_padding__hover=\u00bb|||\u00bb][et_pb_blurb title=\u00bbRoyal Society of Medicine\u00bb image=\u00bbhttps:\/\/www.shakespeare-li.com\/wp-content\/uploads\/2020\/02\/language-school-illustration-25.png\u00bb icon_placement=\u00bbleft\u00bb image_max_width=\u00bb100px\u00bb content_max_width=\u00bb1100px\u00bb image_max_width_tablet=\u00bb\u00bb image_max_width_phone=\u00bb50px\u00bb image_max_width_last_edited=\u00bbon|phone\u00bb _builder_version=\u00bb4.3.2&#8243; header_font=\u00bb|600|||||||\u00bb header_font_size=\u00bb18px\u00bb header_line_height=\u00bb1.6em\u00bb body_font=\u00bb||||||||\u00bb body_font_size=\u00bb15px\u00bb body_line_height=\u00bb2em\u00bb animation=\u00bboff\u00bb hover_enabled=\u00bb0&#8243; header_font_size_tablet=\u00bb\u00bb header_font_size_phone=\u00bb15px\u00bb header_font_size_last_edited=\u00bbon|phone\u00bb body_line_height_tablet=\u00bb\u00bb body_line_height_phone=\u00bb1.6em\u00bb body_line_height_last_edited=\u00bbon|phone\u00bb locked=\u00bboff\u00bb]<\/p>\n<p>Asociaci\u00f3n con la Royal Society of Medicine. Nuestro socio es el \u00fanico proveedor de BMAT asociado oficialmente con la Royal Society of Medicine.<\/p>\n<p>[\/et_pb_blurb][et_pb_blurb title=\u00bbExpertos\u00bb image=\u00bbhttps:\/\/www.shakespeare-li.com\/wp-content\/uploads\/2020\/02\/language-school-illustration-20.png\u00bb icon_placement=\u00bbleft\u00bb image_max_width=\u00bb100px\u00bb content_max_width=\u00bb1100px\u00bb image_max_width_tablet=\u00bb\u00bb image_max_width_phone=\u00bb50px\u00bb image_max_width_last_edited=\u00bbon|phone\u00bb _builder_version=\u00bb4.3.2&#8243; header_font=\u00bb|600|||||||\u00bb header_font_size=\u00bb18px\u00bb header_line_height=\u00bb1.6em\u00bb body_font=\u00bb||||||||\u00bb body_font_size=\u00bb15px\u00bb body_line_height=\u00bb2em\u00bb custom_padding=\u00bb0px|||||\u00bb animation=\u00bboff\u00bb hover_enabled=\u00bb0&#8243; header_font_size_tablet=\u00bb\u00bb header_font_size_phone=\u00bb15px\u00bb header_font_size_last_edited=\u00bbon|phone\u00bb body_line_height_tablet=\u00bb\u00bb body_line_height_phone=\u00bb1.6em\u00bb body_line_height_last_edited=\u00bbon|phone\u00bb locked=\u00bboff\u00bb]<\/p>\n<p>Estrategias BMAT a medida, impartidas por expertos. Nuestro curso BMAT est\u00e1 lleno de estrategias cuidadosamente dise\u00f1adas para abordar cada secci\u00f3n del examen.<\/p>\n<p>[\/et_pb_blurb][\/et_pb_column][et_pb_column type=\u00bb1_2&#8243; _builder_version=\u00bb3.25&#8243; custom_padding=\u00bb|||\u00bb custom_padding__hover=\u00bb|||\u00bb][et_pb_blurb title=\u00bbM\u00e9dicos Cualificados\u00bb image=\u00bbhttps:\/\/www.shakespeare-li.com\/wp-content\/uploads\/2020\/02\/language-school-illustration-14.png\u00bb icon_placement=\u00bbleft\u00bb image_max_width=\u00bb100px\u00bb content_max_width=\u00bb1100px\u00bb image_max_width_tablet=\u00bb\u00bb image_max_width_phone=\u00bb50px\u00bb image_max_width_last_edited=\u00bbon|phone\u00bb _builder_version=\u00bb4.3.2&#8243; header_font=\u00bb|600|||||||\u00bb header_font_size=\u00bb18px\u00bb header_line_height=\u00bb1.6em\u00bb body_font=\u00bb||||||||\u00bb body_font_size=\u00bb15px\u00bb body_line_height=\u00bb2em\u00bb animation=\u00bboff\u00bb hover_enabled=\u00bb0&#8243; header_font_size_tablet=\u00bb\u00bb header_font_size_phone=\u00bb15px\u00bb header_font_size_last_edited=\u00bbon|phone\u00bb body_line_height_tablet=\u00bb\u00bb body_line_height_phone=\u00bb1.6em\u00bb body_line_height_last_edited=\u00bbon|phone\u00bb locked=\u00bboff\u00bb]<\/p>\n<p>Creado por m\u00e9dicos calificados. Somos una operaci\u00f3n de tiempo completo, dirigida por m\u00e9dicos calificados, para garantizar que nuestros cursos est\u00e9n siempre 100% actualizados.<\/p>\n<p>[\/et_pb_blurb][et_pb_blurb title=\u00bbFeedback\u00bb image=\u00bbhttps:\/\/www.shakespeare-li.com\/wp-content\/uploads\/2020\/02\/language-school-illustration-22.png\u00bb icon_placement=\u00bbleft\u00bb image_max_width=\u00bb100px\u00bb content_max_width=\u00bb1100px\u00bb image_max_width_tablet=\u00bb\u00bb image_max_width_phone=\u00bb50px\u00bb image_max_width_last_edited=\u00bbon|phone\u00bb _builder_version=\u00bb4.3.2&#8243; header_font=\u00bb|600|||||||\u00bb header_font_size=\u00bb18px\u00bb header_line_height=\u00bb1.6em\u00bb body_font=\u00bb||||||||\u00bb body_font_size=\u00bb15px\u00bb body_line_height=\u00bb2em\u00bb animation=\u00bboff\u00bb hover_enabled=\u00bb0&#8243; header_font_size_tablet=\u00bb\u00bb header_font_size_phone=\u00bb15px\u00bb header_font_size_last_edited=\u00bbon|phone\u00bb body_line_height_tablet=\u00bb\u00bb body_line_height_phone=\u00bb1.6em\u00bb body_line_height_last_edited=\u00bbon|phone\u00bb locked=\u00bboff\u00bb]<\/p>\n<p>Excelente retroalimentaci\u00f3n. Nuestro curso BMAT recibe excelentes comentarios a\u00f1o tras a\u00f1o. En a\u00f1os pasados, el 99% de los asistentes calificaron el curso como \u00abmuy bueno\u00bb o \u00abexcelente\u00bb.<\/p>\n<p>[\/et_pb_blurb][\/et_pb_column][\/et_pb_row][\/et_pb_section][et_pb_section fb_built=\u00bb1&#8243; admin_label=\u00bbAdmissions\u00bb _builder_version=\u00bb3.22&#8243; locked=\u00bboff\u00bb][et_pb_row _builder_version=\u00bb3.25&#8243;][et_pb_column type=\u00bb4_4&#8243; _builder_version=\u00bb3.25&#8243; custom_padding=\u00bb|||\u00bb custom_padding__hover=\u00bb|||\u00bb][et_pb_text _builder_version=\u00bb4.3.2&#8243; text_font=\u00bbEB Garamond|700|||||||\u00bb text_text_color=\u00bbrgba(0,0,0,0.02)\u00bb text_font_size=\u00bb80px\u00bb text_line_height=\u00bb0em\u00bb header_2_font=\u00bbEB Garamond||||||||\u00bb header_2_font_size=\u00bb50px\u00bb header_2_line_height=\u00bb1.3em\u00bb text_orientation=\u00bbcenter\u00bb hover_enabled=\u00bb0&#8243; text_font_size_tablet=\u00bb50px\u00bb text_font_size_phone=\u00bb30px\u00bb text_font_size_last_edited=\u00bbon|desktop\u00bb header_2_font_size_tablet=\u00bb40px\u00bb header_2_font_size_phone=\u00bb30px\u00bb header_2_font_size_last_edited=\u00bbon|phone\u00bb]<\/p>\n<p>Ubicaciones<\/p>\n<h2>Ubicaciones<\/h2>\n<p>[\/et_pb_text][\/et_pb_column][\/et_pb_row][et_pb_row column_structure=\u00bb1_2,1_2&#8243; use_custom_gutter=\u00bbon\u00bb gutter_width=\u00bb2&#8243; _builder_version=\u00bb4.3.2&#8243; max_width=\u00bb1280px\u00bb animation_style=\u00bbzoom\u00bb animation_intensity_zoom=\u00bb2%\u00bb use_custom_width=\u00bbon\u00bb custom_width_px=\u00bb1280px\u00bb][et_pb_column type=\u00bb1_2&#8243; _builder_version=\u00bb3.25&#8243; custom_padding=\u00bb|||\u00bb custom_padding__hover=\u00bb|||\u00bb][et_pb_blurb image=\u00bbhttps:\/\/www.shakespeare-li.com\/wp-content\/uploads\/2020\/02\/banderaUK-SLI.jpg\u00bb content_max_width=\u00bb1100px\u00bb _builder_version=\u00bb4.2.2&#8243; background_color=\u00bb#ffffff\u00bb custom_margin=\u00bb||0px|\u00bb custom_padding=\u00bb30px|30px||30px|false|true\u00bb animation=\u00bboff\u00bb box_shadow_style=\u00bbpreset1&#8243; box_shadow_vertical=\u00bb50px\u00bb box_shadow_blur=\u00bb80px\u00bb box_shadow_color=\u00bbrgba(15,19,25,0.1)\u00bb][\/et_pb_blurb][et_pb_cta title=\u00bbReino Unido\u00bb button_url=\u00bb#\u00bb button_text=\u00bbFill Out An Application\u00bb _builder_version=\u00bb4.3.2&#8243; header_font=\u00bbEB Garamond||||||||\u00bb header_font_size=\u00bb24px\u00bb header_line_height=\u00bb1.4em\u00bb body_font=\u00bb||||||||\u00bb body_line_height=\u00bb2em\u00bb background_color=\u00bb#ffffff\u00bb custom_button=\u00bbon\u00bb button_text_size=\u00bb12px\u00bb button_text_color=\u00bb#3cbebe\u00bb button_bg_color=\u00bbrgba(60,190,190,0.1)\u00bb button_border_width=\u00bb10px\u00bb button_border_color=\u00bbrgba(0,0,0,0)\u00bb button_border_radius=\u00bb100px\u00bb button_letter_spacing=\u00bb1px\u00bb button_font=\u00bb|700||on|||||\u00bb button_alignment=\u00bbright\u00bb text_orientation=\u00bbleft\u00bb background_layout=\u00bblight\u00bb custom_padding=\u00bb0px|30px|40px|30px|false|true\u00bb hover_enabled=\u00bb0&#8243; body_line_height_tablet=\u00bb\u00bb body_line_height_phone=\u00bb1.6em\u00bb body_line_height_last_edited=\u00bbon|phone\u00bb border_radii=\u00bb|||12px|12px\u00bb box_shadow_style=\u00bbpreset1&#8243; box_shadow_vertical=\u00bb50px\u00bb box_shadow_blur=\u00bb80px\u00bb box_shadow_color=\u00bbrgba(15,19,25,0.1)\u00bb button_letter_spacing_hover=\u00bb1px\u00bb button_text_size__hover_enabled=\u00bboff\u00bb button_one_text_size__hover_enabled=\u00bboff\u00bb button_two_text_size__hover_enabled=\u00bboff\u00bb button_text_color__hover_enabled=\u00bboff\u00bb button_one_text_color__hover_enabled=\u00bboff\u00bb button_two_text_color__hover_enabled=\u00bboff\u00bb button_border_width__hover_enabled=\u00bboff\u00bb button_one_border_width__hover_enabled=\u00bboff\u00bb button_two_border_width__hover_enabled=\u00bboff\u00bb button_border_color__hover_enabled=\u00bboff\u00bb button_one_border_color__hover_enabled=\u00bboff\u00bb button_two_border_color__hover_enabled=\u00bboff\u00bb button_border_radius__hover_enabled=\u00bboff\u00bb button_one_border_radius__hover_enabled=\u00bboff\u00bb button_two_border_radius__hover_enabled=\u00bboff\u00bb button_letter_spacing__hover_enabled=\u00bbon\u00bb button_letter_spacing__hover=\u00bb1px\u00bb button_one_letter_spacing__hover_enabled=\u00bboff\u00bb button_two_letter_spacing__hover_enabled=\u00bboff\u00bb button_bg_color__hover_enabled=\u00bboff\u00bb button_one_bg_color__hover_enabled=\u00bboff\u00bb button_two_bg_color__hover_enabled=\u00bboff\u00bb]<\/p>\n<p>Debido a la demanda popular, ofreceremos nuestros cursos en m\u00e1s lugares que nunca. Ahora puede asistir a nuestro curso BMAT en las siguientes ciudades,<br \/> BMAT Courses London<br \/> BMAT Courses Nottingham<br \/> BMAT Courses Birmingham<br \/> BMAT Courses Leeds<br \/> BMAT Courses Manchester<br \/> BMAT Courses Edinburgh<\/p>\n<p><strong>Horario BMAT<\/strong><\/p>\n<p>El siguiente horario es indicativo y puede cambiar para garantizar que el curso responda lo m\u00e1s posible a las actualizaciones de BMAT.<\/p>\n<p>&nbsp;<\/p>\n<table height=\"291\" style=\"width: 369px;\">\n<tbody>\n<tr>\n<td style=\"width: 137px;\"><strong>Hora\u00a0\u00a0<\/strong><\/td>\n<td style=\"width: 216px;\"><strong> Actividad<\/strong><\/td>\n<\/tr>\n<tr>\n<td style=\"width: 137px;\">10:00 &#8211; 10:15<\/td>\n<td style=\"width: 216px;\">Introducci\u00f3n al BMAT<\/td>\n<\/tr>\n<tr>\n<td style=\"width: 137px;\">10:15 &#8211; 11:45<\/td>\n<td style=\"width: 216px;\">Secci\u00f3n 1: Logical &amp; Spatial<\/td>\n<\/tr>\n<tr>\n<td style=\"width: 137px;\">11:45 &#8211; 12:00<\/td>\n<td style=\"width: 216px;\">Descanso<\/td>\n<\/tr>\n<tr>\n<td style=\"width: 137px;\">12:00 &#8211; 13:20<\/td>\n<td style=\"width: 216px;\">Secci\u00f3n 1: Verbal<\/td>\n<\/tr>\n<tr>\n<td style=\"width: 137px;\">13:20 &#8211; 14:20<\/td>\n<td style=\"width: 216px;\">Comida<\/td>\n<\/tr>\n<tr>\n<td style=\"width: 137px;\">14:20 &#8211; 14:30<\/td>\n<td style=\"width: 216px;\">Secci\u00f3n 2: General Skills<\/td>\n<\/tr>\n<tr>\n<td style=\"width: 137px;\">14:30 &#8211; 15:45<\/td>\n<td style=\"width: 216px;\">Secci\u00f3n 2: Physics<\/td>\n<\/tr>\n<tr>\n<td style=\"width: 137px;\">15:45 &#8211; 16:55<\/td>\n<td style=\"width: 216px;\">Secci\u00f3n 3: Writing Task<\/td>\n<\/tr>\n<tr>\n<td style=\"width: 137px;\">16:55 &#8211; 17:00<\/td>\n<td style=\"width: 216px;\">Feedback &amp; Cierro<\/td>\n<\/tr>\n<\/tbody>\n<\/table>\n<p>[\/et_pb_cta][\/et_pb_column][et_pb_column type=\u00bb1_2&#8243; _builder_version=\u00bb3.25&#8243; custom_padding=\u00bb|||\u00bb custom_padding__hover=\u00bb|||\u00bb][et_pb_blurb image=\u00bbhttps:\/\/www.shakespeare-li.com\/wp-content\/uploads\/2020\/02\/EA-Flag-SLI.jpg\u00bb content_max_width=\u00bb1100px\u00bb _builder_version=\u00bb4.2.2&#8243; background_color=\u00bb#ffffff\u00bb custom_margin=\u00bb|-3px|0px|||\u00bb custom_padding=\u00bb30px|29px|0px|29px|false|true\u00bb animation=\u00bboff\u00bb box_shadow_style=\u00bbpreset1&#8243; box_shadow_vertical=\u00bb50px\u00bb box_shadow_blur=\u00bb80px\u00bb box_shadow_color=\u00bbrgba(15,19,25,0.1)\u00bb locked=\u00bboff\u00bb][\/et_pb_blurb][et_pb_cta title=\u00bbDubai\u00bb button_url=\u00bb#\u00bb button_text=\u00bbSee if You Qualify\u00bb _builder_version=\u00bb4.3.2&#8243; header_font=\u00bbEB Garamond||||||||\u00bb header_font_size=\u00bb24px\u00bb header_line_height=\u00bb1.4em\u00bb body_font=\u00bb||||||||\u00bb body_line_height=\u00bb2em\u00bb background_color=\u00bb#ffffff\u00bb custom_button=\u00bbon\u00bb button_text_size=\u00bb12px\u00bb button_text_color=\u00bb#3cbebe\u00bb button_bg_color=\u00bbrgba(60,190,190,0.1)\u00bb button_border_width=\u00bb10px\u00bb button_border_color=\u00bbrgba(0,0,0,0)\u00bb button_border_radius=\u00bb100px\u00bb button_letter_spacing=\u00bb1px\u00bb button_font=\u00bb|700||on|||||\u00bb button_alignment=\u00bbright\u00bb text_orientation=\u00bbleft\u00bb background_layout=\u00bblight\u00bb custom_padding=\u00bb0px|30px|40px|30px|false|true\u00bb hover_enabled=\u00bb0&#8243; body_line_height_tablet=\u00bb\u00bb body_line_height_phone=\u00bb1.6em\u00bb body_line_height_last_edited=\u00bbon|phone\u00bb border_radii=\u00bb|||12px|12px\u00bb box_shadow_style=\u00bbpreset1&#8243; box_shadow_vertical=\u00bb50px\u00bb box_shadow_blur=\u00bb80px\u00bb box_shadow_color=\u00bbrgba(15,19,25,0.1)\u00bb button_letter_spacing_hover=\u00bb1px\u00bb locked=\u00bboff\u00bb button_text_size__hover_enabled=\u00bboff\u00bb button_one_text_size__hover_enabled=\u00bboff\u00bb button_two_text_size__hover_enabled=\u00bboff\u00bb button_text_color__hover_enabled=\u00bboff\u00bb button_one_text_color__hover_enabled=\u00bboff\u00bb button_two_text_color__hover_enabled=\u00bboff\u00bb button_border_width__hover_enabled=\u00bboff\u00bb button_one_border_width__hover_enabled=\u00bboff\u00bb button_two_border_width__hover_enabled=\u00bboff\u00bb button_border_color__hover_enabled=\u00bboff\u00bb button_one_border_color__hover_enabled=\u00bboff\u00bb button_two_border_color__hover_enabled=\u00bboff\u00bb button_border_radius__hover_enabled=\u00bboff\u00bb button_one_border_radius__hover_enabled=\u00bboff\u00bb button_two_border_radius__hover_enabled=\u00bboff\u00bb button_letter_spacing__hover_enabled=\u00bbon\u00bb button_letter_spacing__hover=\u00bb1px\u00bb button_one_letter_spacing__hover_enabled=\u00bboff\u00bb button_two_letter_spacing__hover_enabled=\u00bboff\u00bb button_bg_color__hover_enabled=\u00bboff\u00bb button_one_bg_color__hover_enabled=\u00bboff\u00bb button_two_bg_color__hover_enabled=\u00bboff\u00bb]<\/p>\n<p>\u00bfVives en Dubai pero est\u00e1s pensando en estudiar Medicina en el Reino Unido? Ofrecemos cursos expertos de UKCAT, BMAT y entrevistas. Asociado oficialmente con la Royal Society of Medicine, m\u00e1s de la mitad de las 50 mejores escuelas de The Telegraph, incluidas Eton, Harrow y Cheltenham Ladies &#8216;College, conf\u00edan en nosotros para guiar a sus estudiantes a trav\u00e9s del proceso de solicitud de la escuela de medicina.<\/p>\n<p><strong>Horario BMAT<\/strong><\/p>\n<p>El siguiente horario es indicativo y puede cambiar para garantizar que el curso responda lo m\u00e1s posible a las actualizaciones de BMAT.<\/p>\n<p>&nbsp;<\/p>\n<table height=\"291\">\n<tbody>\n<tr>\n<td><strong>Hora\u00a0\u00a0<\/strong><\/td>\n<td><strong> Actividad<\/strong><\/td>\n<\/tr>\n<tr>\n<td>10:00 &#8211; 10:15<\/td>\n<td>Introducci\u00f3n al BMAT<\/td>\n<\/tr>\n<tr>\n<td>10:15 &#8211; 11:45<\/td>\n<td>Secci\u00f3n 1: Logical &amp; Spatial<\/td>\n<\/tr>\n<tr>\n<td>11:45 &#8211; 12:00<\/td>\n<td>Descanso<\/td>\n<\/tr>\n<tr>\n<td>12:00 &#8211; 13:20<\/td>\n<td>Secci\u00f3n 1: Verbal<\/td>\n<\/tr>\n<tr>\n<td>13:20 &#8211; 14:20<\/td>\n<td>Comida<\/td>\n<\/tr>\n<tr>\n<td>14:20 &#8211; 14:30<\/td>\n<td>Secci\u00f3n 2: General Skills<\/td>\n<\/tr>\n<tr>\n<td>14:30 &#8211; 15:45<\/td>\n<td>Secci\u00f3n 2: Physics<\/td>\n<\/tr>\n<tr>\n<td>15:45 &#8211; 16:55<\/td>\n<td>Secci\u00f3n 3: Writing Task<\/td>\n<\/tr>\n<tr>\n<td>16:55 &#8211; 17:00<\/td>\n<td>Feedback &amp; Cierro<\/td>\n<\/tr>\n<\/tbody>\n<\/table>\n<p>[\/et_pb_cta][\/et_pb_column][\/et_pb_row][\/et_pb_section]<\/p>","protected":false},"excerpt":{"rendered":"<p>[et_pb_section fb_built=\u00bb1&#8243; custom_padding_last_edited=\u00bbon|desktop\u00bb admin_label=\u00bbHeader\u00bb _builder_version=\u00bb3.22&#8243; background_image=\u00bbhttps:\/\/www.shakespeare-li.com\/wp-content\/uploads\/2020\/02\/language-school-01.png\u00bb background_size=\u00bbcontain\u00bb background_position=\u00bbtop_right\u00bb custom_padding=\u00bb110px||||false|false\u00bb custom_padding_tablet=\u00bb140px|0px|50px|0px|false|false\u00bb custom_padding_phone=\u00bb120px|||\u00bb][et_pb_row column_structure=\u00bb1_2,1_2&#8243; _builder_version=\u00bb3.25&#8243; max_width=\u00bb1280px\u00bb use_custom_width=\u00bbon\u00bb custom_width_px=\u00bb1280px\u00bb][et_pb_column type=\u00bb1_2&#8243; _builder_version=\u00bb3.25&#8243; custom_padding=\u00bb|||\u00bb custom_padding__hover=\u00bb|||\u00bb][et_pb_text _builder_version=\u00bb4.3.2&#8243; text_font=\u00bb||||||||\u00bb text_font_size=\u00bb18px\u00bb text_line_height=\u00bb2em\u00bb header_font=\u00bbEB Garamond||||||||\u00bb header_font_size=\u00bb60px\u00bb header_line_height=\u00bb1.3em\u00bb max_width=\u00bb600px\u00bb hover_enabled=\u00bb0&#8243; text_font_size_tablet=\u00bb\u00bb text_font_size_phone=\u00bb15px\u00bb text_font_size_last_edited=\u00bbon|phone\u00bb text_line_height_tablet=\u00bb\u00bb text_line_height_phone=\u00bb1.6em\u00bb text_line_height_last_edited=\u00bbon|phone\u00bb header_font_size_tablet=\u00bb50px\u00bb header_font_size_phone=\u00bb32px\u00bb header_font_size_last_edited=\u00bbon|phone\u00bb] BMAT\/UKCAT Nuestro curso BMAT, el \u00fanico proveedor de BMAT asociado oficialmente con la Royal Society of [&hellip;]<\/p>","protected":false},"author":1,"featured_media":0,"parent":0,"menu_order":0,"comment_status":"closed","ping_status":"closed","template":"","meta":{"_et_pb_use_builder":"on","_et_pb_old_content":"","_et_gb_content_width":""},"_links":{"self":[{"href":"https:\/\/www.shakespeare-li.com\/en\/wp-json\/wp\/v2\/pages\/149"}],"collection":[{"href":"https:\/\/www.shakespeare-li.com\/en\/wp-json\/wp\/v2\/pages"}],"about":[{"href":"https:\/\/www.shakespeare-li.com\/en\/wp-json\/wp\/v2\/types\/page"}],"author":[{"embeddable":true,"href":"https:\/\/www.shakespeare-li.com\/en\/wp-json\/wp\/v2\/users\/1"}],"replies":[{"embeddable":true,"href":"https:\/\/www.shakespeare-li.com\/en\/wp-json\/wp\/v2\/comments?post=149"}],"version-history":[{"count":16,"href":"https:\/\/www.shakespeare-li.com\/en\/wp-json\/wp\/v2\/pages\/149\/revisions"}],"predecessor-version":[{"id":1438,"href":"https:\/\/www.shakespeare-li.com\/en\/wp-json\/wp\/v2\/pages\/149\/revisions\/1438"}],"wp:attachment":[{"href":"https:\/\/www.shakespeare-li.com\/en\/wp-json\/wp\/v2\/media?parent=149"}],"curies":[{"name":"wp","href":"https:\/\/api.w.org\/{rel}","templated":true}]}}