{"id":35,"date":"2020-02-01T09:01:30","date_gmt":"2020-02-01T09:01:30","guid":{"rendered":"https:\/\/www.shakespeare-li.com\/?page_id=35"},"modified":"2020-02-01T09:43:25","modified_gmt":"2020-02-01T09:43:25","slug":"aviso-legal","status":"publish","type":"page","link":"https:\/\/www.shakespeare-li.com\/en\/aviso-legal\/","title":{"rendered":"Aviso legal"},"content":{"rendered":"<p><strong>Shakespeare Languages Institute<\/strong>,  provisto con CIF B83288753, direcci\u00f3n Calle Virgen de la Paz, 5, 1\u00baD,  28027 \u2013 Madrid (Madrid), no puede asumir ninguna responsabilidad  derivada del uso incorrecto, inapropiado o il\u00edcito de la informaci\u00f3n  aparecida en las p\u00e1ginas de Internet de <strong>www.shakespeare-li.com<\/strong>.<\/p>\n\n\n\n<p>Con los l\u00edmites establecidos en la ley, <strong>www.shakespeare-li.com<\/strong>  no asume ninguna responsabilidad derivada de la falta de veracidad,  integridad, actualizaci\u00f3n y precisi\u00f3n de los datos o informaciones que  se contienen en sus p\u00e1ginas de Internet.<\/p>\n\n\n\n<p>Los contenidos e informaci\u00f3n no vinculan a<strong> www.shakespeare-li.com<\/strong>  ni constituyen opiniones, consejos o asesoramiento legal de ning\u00fan tipo  pues se trata meramente de un servicio ofrecido con car\u00e1cter  informativo y divulgativo.<\/p>\n\n\n\n<p>Las p\u00e1ginas de Internet de <strong>www.shakespeare-li.com<\/strong> pueden contener enlaces (links) a otras p\u00e1ginas de terceras partes que <strong>www.shakespeare-li.com<\/strong> no puede controlar. Por lo tanto, <strong>www.shakespeare-li.com<\/strong> no puede asumir responsabilidades por el contenido que pueda aparecer en p\u00e1ginas de terceros.<\/p>\n\n\n\n<p>Los textos, im\u00e1genes, sonidos, animaciones, software y el resto de  contenidos incluidos en este website son propiedad exclusiva de  <strong>www.shakespeare-li.com<\/strong> o sus licenciantes. Cualquier acto de transmisi\u00f3n,  distribuci\u00f3n, cesi\u00f3n, reproducci\u00f3n, almacenamiento o comunicaci\u00f3n  p\u00fablica total o parcial, debe contar con el consentimiento expreso de <strong>www.shakespeare-li.com<\/strong>.<\/p>\n\n\n\n<p>Asimismo, para acceder a algunos de los servicios que <strong>www.shakespeare-li.com<\/strong> ofrece a trav\u00e9s del website deber\u00e1 proporcionar algunos datos de car\u00e1cter personal.<\/p>\n\n\n\n<p>En cumplimiento de lo establecido en el Reglamento (UE) 2016\/679 del  Parlamento Europeo y del Consejo, de 27 de abril de 2016, relativo a la  protecci\u00f3n de las personas f\u00edsicas en lo que respecta al tratamiento de  datos personales y a la libre circulaci\u00f3n de estos datos le informamos  que, mediante la cumplimentaci\u00f3n de los presentes formularios, sus datos  personales quedar\u00e1n incorporados y ser\u00e1n tratados en los ficheros de <strong>Shakespeare Languages Institute, S.L.<\/strong> con el fin de poderle prestar y ofrecer nuestros servicios as\u00ed como para informarle de las mejoras del sitio Web.<\/p>\n\n\n\n<p>Asimismo, le informamos de la posibilidad de que ejerza los derechos  de acceso, rectificaci\u00f3n, cancelaci\u00f3n y oposici\u00f3n de sus datos de  car\u00e1cter personal, manera gratuita mediante email a <strong>admin@shakespeare-li.com<\/strong> o en la direcci\u00f3n Calle Virgen de la Paz, 5, 1\u00baD,  28027 \u2013 Madrid (Madrid).<\/p>\n\n\n\n<p>Protegidos todos los derechos.<\/p>\n\n\n\n<p><strong>\u00daltima revisi\u00f3n: febrero de 2020<\/strong><\/p>","protected":false},"excerpt":{"rendered":"<p>Shakespeare Languages Institute, provisto con CIF B83288753, direcci\u00f3n Calle Virgen de la Paz, 5, 1\u00baD, 28027 \u2013 Madrid (Madrid), no puede asumir ninguna responsabilidad derivada del uso incorrecto, inapropiado o il\u00edcito de la informaci\u00f3n aparecida en las p\u00e1ginas de Internet de www.shakespeare-li.com. Con los l\u00edmites establecidos en la ley, www.shakespeare-li.com no asume ninguna responsabilidad derivada [&hellip;]<\/p>","protected":false},"author":1,"featured_media":0,"parent":0,"menu_order":0,"comment_status":"closed","ping_status":"closed","template":"","meta":{"_et_pb_use_builder":"off","_et_pb_old_content":"","_et_gb_content_width":"1080"},"_links":{"self":[{"href":"https:\/\/www.shakespeare-li.com\/en\/wp-json\/wp\/v2\/pages\/35"}],"collection":[{"href":"https:\/\/www.shakespeare-li.com\/en\/wp-json\/wp\/v2\/pages"}],"about":[{"href":"https:\/\/www.shakespeare-li.com\/en\/wp-json\/wp\/v2\/types\/page"}],"author":[{"embeddable":true,"href":"https:\/\/www.shakespeare-li.com\/en\/wp-json\/wp\/v2\/users\/1"}],"replies":[{"embeddable":true,"href":"https:\/\/www.shakespeare-li.com\/en\/wp-json\/wp\/v2\/comments?post=35"}],"version-history":[{"count":1,"href":"https:\/\/www.shakespeare-li.com\/en\/wp-json\/wp\/v2\/pages\/35\/revisions"}],"predecessor-version":[{"id":36,"href":"https:\/\/www.shakespeare-li.com\/en\/wp-json\/wp\/v2\/pages\/35\/revisions\/36"}],"wp:attachment":[{"href":"https:\/\/www.shakespeare-li.com\/en\/wp-json\/wp\/v2\/media?parent=35"}],"curies":[{"name":"wp","href":"https:\/\/api.w.org\/{rel}","templated":true}]}}