{"id":63,"date":"2020-02-01T11:02:47","date_gmt":"2020-02-01T11:02:47","guid":{"rendered":"https:\/\/www.shakespeare-li.com\/?page_id=63"},"modified":"2020-02-01T11:05:24","modified_gmt":"2020-02-01T11:05:24","slug":"politica-de-privacidad","status":"publish","type":"page","link":"https:\/\/www.shakespeare-li.com\/en\/politica-de-privacidad\/","title":{"rendered":"Pol\u00edtica de privacidad y protecci\u00f3n de datos"},"content":{"rendered":"<p>Protecci\u00f3n de datos de car\u00e1cter personal seg\u00fan la LOPD Shakespeare \nLanguages Institute, S.L., en  aplicaci\u00f3n de la normativa vigente en \nmateria de protecci\u00f3n de datos de  car\u00e1cter personal, informa que los \ndatos personales que se recogen a  trav\u00e9s de los formularios del Sitio \nweb: www.shakespeare-li.com, se incluyen en  los ficheros automatizados \nespec\u00edficos de usuarios de los servicios de  Shakespeare Languages \nInstitute, S.L.<\/p>\n\n\n\n<p>La recogida y tratamiento automatizado de los datos de car\u00e1cter  \npersonal tiene como finalidad el mantenimiento de la relaci\u00f3n comercial y\n  el desempe\u00f1o de tareas de informaci\u00f3n, formaci\u00f3n, asesoramiento y \notras  actividades propias de Shakespeare Languages Institute, S.L. \nEstos datos \u00fanicamente ser\u00e1n cedidos a  aquellas entidades que sean \nnecesarias con el \u00fanico objetivo de dar  cumplimiento a la finalidad \nanteriormente expuesta.<\/p>\n\n\n\n<p>Shakespeare Languages Institute,  S.L. adopta las medidas necesarias \npara garantizar la seguridad,  integridad y confidencialidad de los \ndatos conforme a lo dispuesto en el  Reglamento (UE) 2016\/679 del \nParlamento Europeo y del Consejo, de 27 de  abril de 2016, relativo a la\n protecci\u00f3n de las personas f\u00edsicas en lo  que respecta al tratamiento \nde datos personales y a la libre circulaci\u00f3n  de los mismos.<\/p>\n\n\n\n<p>El usuario podr\u00e1 en cualquier momento ejercitar los derechos de  \nacceso, oposici\u00f3n, rectificaci\u00f3n y cancelaci\u00f3n reconocidos en el citado \n Reglamento (UE). El ejercicio de estos derechos puede realizarlo el  \npropio usuario a trav\u00e9s de email a: admin@shakespeare-li.com o en la  \ndirecci\u00f3n: Calle Virgen de la Paz, 5, 1\u00baD, 28027 \u2013 Madrid (Madrid).<\/p>\n\n\n\n<p>El usuario manifiesta que todos los datos facilitados por \u00e9l son  \nciertos y correctos, y se compromete a mantenerlos actualizados,  \ncomunicando los cambios a Shakespeare Languages Institute, S.L.<\/p>\n\n\n\n<p><strong>Finalidad del tratamiento de los datos personales: \u00bfCon qu\u00e9 finalidad trataremos tus datos personales?<\/strong><\/p>\n\n\n\n<p>En Shakespeare Languages Institute, S.L., trataremos tus datos \npersonales recabados a trav\u00e9s del  Sitio Web: www.shakespeare-li.com, \ncon las siguientes finalidades:<\/p>\n\n\n\n<ol><li>En caso de contrataci\u00f3n de los bienes y servicios ofertados a \ntrav\u00e9s  de www.shakespeare-li.com, para mantener la relaci\u00f3n \ncontractual, as\u00ed como la  gesti\u00f3n, administraci\u00f3n, informaci\u00f3n, \nprestaci\u00f3n y mejora del servicio.<\/li><li>Env\u00edo de informaci\u00f3n solicitada a trav\u00e9s de los formularios dispuestos en www.shakespeare-li.com.<\/li><li>Remitir\n boletines (newsletters), as\u00ed como comunicaciones comerciales  de \npromociones y\/o publicidad de www.shakespeare-li.com y del sector. Te  \nrecordamos que puedes oponerte al env\u00edo de comunicaciones comerciales  \npor cualquier v\u00eda y en cualquier momento, remitiendo un correo  \nelectr\u00f3nico a la direcci\u00f3n indicada anteriormente. Los campos de dichos \n registros son de cumplimentaci\u00f3n obligatoria, siendo imposible realizar\n  las finalidades expresadas si no se aportan esos datos.<\/li><\/ol>\n\n\n\n<p><strong>\u00bfPor cu\u00e1nto tiempo se conservan los datos personales recabados?<\/strong><\/p>\n\n\n\n<p>Los datos personales proporcionados se conservar\u00e1n mientras se \nmantenga la relaci\u00f3n comercial o no solicites su supresi\u00f3n y durante el \nplazo por el cu\u00e1l pudieran derivarse responsabilidades legales por los \nservicios prestados.<\/p>\n\n\n\n<p><strong>Legitimaci\u00f3n: El tratamiento de tus datos se realiza con las siguientes bases jur\u00eddicas que legitiman el mismo:<\/strong><\/p>\n\n\n\n<ol><li>La solicitud de informaci\u00f3n y\/o la contrataci\u00f3n de los servicios\n de  Shakespeare Languages Institute,  S.L., cuyos t\u00e9rminos y \ncondiciones se pondr\u00e1n a tu disposici\u00f3n en todo  caso, de forma previa a\n una eventual contrataci\u00f3n.<\/li><li>El consentimiento libre, espec\u00edfico,\n informado e inequ\u00edvoco, en  tanto que te informamos poniendo a tu \ndisposici\u00f3n la presente pol\u00edtica  de privacidad, que tras la lectura de \nla misma, en caso de estar  conforme, puedes aceptar mediante una \ndeclaraci\u00f3n o una clara acci\u00f3n  afirmativa, como el marcado de una \ncasilla dispuesta al efecto.<\/li><\/ol>\n\n\n\n<p>En caso de que no nos facilites tus datos o lo hagas de forma err\u00f3nea\n o incompleta, no podremos atender tu solicitud, resultando del todo \nimposible proporcionarte la informaci\u00f3n solicitada o llevar a cabo la \ncontrataci\u00f3n de los servicios.<\/p>\n\n\n\n<p>Destinatarios: Los datos no se comunicar\u00e1n a ning\u00fan tercero ajeno a  \nShakespeare Languages Institute,  S.L., salvo obligaci\u00f3n legal.<\/p>\n\n\n\n<p><strong>Datos recopilados por usuarios de los servicios<\/strong><\/p>\n\n\n\n<p>En los casos en que el usuario incluya ficheros con datos de car\u00e1cter\n  personal en los servidores de alojamiento compartido, Shakespeare \nLanguages Institute, S.L. no se hace  responsable del incumplimiento por\n parte del usuario del RGPD.<\/p>\n\n\n\n<p>Retenci\u00f3n de datos en conformidad a la LSSI Shakespeare Languages \nInstitute, S.L. informa de que, como  prestador de servicio de \nalojamiento de datos y en virtud de lo  establecido en la Ley 34\/2002 de\n 11 de julio de Servicios de la Sociedad  de la Informaci\u00f3n y de \nComercio Electr\u00f3nico (LSSI), retiene por un  periodo m\u00e1ximo de 12 meses \nla informaci\u00f3n imprescindible para  identificar el origen de los datos \nalojados y el momento en que se  inici\u00f3 la prestaci\u00f3n del servicio.<\/p>\n\n\n\n<p>La retenci\u00f3n de estos datos no afecta al secreto de las \ncomunicaciones y s\u00f3lo podr\u00e1n ser utilizados en el marco de una \ninvestigaci\u00f3n criminal o para la salvaguardia de la seguridad p\u00fablica, \nponi\u00e9ndose a disposici\u00f3n de los jueces y\/o tribunales o del Ministerio \nque as\u00ed los requiera.<\/p>\n\n\n\n<p>La comunicaci\u00f3n de datos a las Fuerzas y Cuerpos del Estado se har\u00e1   en virtud a lo dispuesto en la normativa sobre protecci\u00f3n de datos   personales. Derechos propiedad intelectual www.shakespeare-li.com  Shakespeare Languages Institute, S.L. es titular  de todos los derechos  de autor, propiedad intelectual, industrial, \u201cknow  how\u201d y cuantos otros  derechos guardan relaci\u00f3n con los contenidos del  sitio web  www.shakespeare-li.com y los servicios ofertados en el mismo, as\u00ed como  de los  programas necesarios para su implementaci\u00f3n y la informaci\u00f3n   relacionada.<\/p>\n\n\n\n<p>No se permite la reproducci\u00f3n, publicaci\u00f3n y\/o uso no estrictamente  \nprivado de los contenidos, totales o parciales, del sitio web  \nwww.shakespeare-li.com sin el consentimiento previo y por escrito. \nPropiedad  intelectual del software El usuario debe respetar los \nprogramas de  terceros puestos a su disposici\u00f3n por Shakespeare \nLanguages Institute, S.L., aun siendo gratuitos  y\/o de disposici\u00f3n \np\u00fablica. Shakespeare Languages Institute, S.L. dispone de los derechos \nde explotaci\u00f3n y  propiedad intelectual necesarios del software.<\/p>\n\n\n\n<p>El usuario no adquiere derecho alguno o licencia por el servicio \ncontratado, sobre el software necesario para la prestaci\u00f3n del servicio,\n ni tampoco sobre la informaci\u00f3n t\u00e9cnica de seguimiento del servicio, \nexcepci\u00f3n hecha de los derechos y licencias necesarios para el \ncumplimiento de los servicios contratados y \u00fanicamente durante la \nduraci\u00f3n de los mismos.<\/p>\n\n\n\n<p>Para toda actuaci\u00f3n que exceda del cumplimiento del contrato, el  \nusuario necesitar\u00e1 autorizaci\u00f3n por escrito por parte de Shakespeare \nLanguages Institute, S.L., quedando  prohibido al usuario acceder, \nmodificar, visualizar la configuraci\u00f3n,  estructura y ficheros de los \nservidores propiedad de Shakespeare Languages Institute, S.L., asumiendo\n  la responsabilidad civil y penal derivada de cualquier incidencia que \nse  pudiera producir en los servidores y sistemas de seguridad como  \nconsecuencia directa de una actuaci\u00f3n negligente o maliciosa por su  \nparte.<\/p>\n\n\n\n<p><strong>Propiedad intelectual de los contenidos alojados<\/strong><\/p>\n\n\n\n<p>Se proh\u00edbe el uso contrario a la legislaci\u00f3n sobre propiedad  \nintelectual de los servicios prestados por Shakespeare Languages \nInstitute, S.L. y, en particular de:<\/p>\n\n\n\n<ul><li>La utilizaci\u00f3n que resulte contraria a las leyes espa\u00f1olas o que infrinja los derechos de terceros.<\/li><li>La\n publicaci\u00f3n o la transmisi\u00f3n de cualquier contenido que, a juicio  de \nShakespeare Languages Institute,  S.L., resulte violento, obsceno, \nabusivo, ilegal, racial, xen\u00f3fobo o  difamatorio.<\/li><li>Los cracks, \nn\u00fameros de serie de programas o cualquier otro contenido  que vulnere \nderechos de la propiedad intelectual de terceros.<\/li><li>La recogida \ny\/o utilizaci\u00f3n de datos personales de otros usuarios  sin su \nconsentimiento expreso o contraviniendo lo dispuesto en  Reglamento (UE)\n 2016\/679 del Parlamento Europeo y del Consejo, de 27 de  abril de 2016,\n relativo a la protecci\u00f3n de las personas f\u00edsicas en lo  que respecta al\n tratamiento de datos personales y a la libre circulaci\u00f3n  de los \nmismos.<\/li><li>La utilizaci\u00f3n del servidor de correo del dominio y de \nlas  direcciones de correo electr\u00f3nico para el env\u00edo de correo masivo no\n  deseado.<\/li><\/ul>\n\n\n\n<p>El usuario tiene toda la responsabilidad sobre el contenido de su \nweb, la informaci\u00f3n transmitida y almacenada, los enlaces de hipertexto,\n las reivindicaciones de terceros y las acciones legales en referencia a\n propiedad intelectual, derechos de terceros y protecci\u00f3n de menores.<\/p>\n\n\n\n<p>El usuario es responsable respecto a las leyes y reglamentos en vigor\n y las reglas que tienen que ver con el funcionamiento del servicio \nonline, comercio electr\u00f3nico, derechos de autor, mantenimiento del orden\n p\u00fablico, as\u00ed como principios universales de uso de Internet.<\/p>\n\n\n\n<p>El usuario indemnizar\u00e1 a Shakespeare Languages Institute, S.L. por \nlos gastos que generara la imputaci\u00f3n  de Shakespeare Languages \nInstitute, S.L. en alguna causa cuya responsabilidad fuera atribuible  \nal usuario, incluidos honorarios y gastos de defensa jur\u00eddica, incluso  \nen el caso de una decisi\u00f3n judicial no definitiva.<\/p>\n\n\n\n<p><strong>Protecci\u00f3n de la informaci\u00f3n alojada<\/strong><\/p>\n\n\n\n<p>Shakespeare Languages Institute,  S.L. realiza copias de seguridad de\n los contenidos alojados en sus  servidores, sin embargo no se \nresponsabiliza de la p\u00e9rdida o el borrado  accidental de los datos por \nparte de los usuarios. De igual manera, no  garantiza la reposici\u00f3n \ntotal de los datos borrados por los usuarios, ya  que los citados datos \npodr\u00edan haber sido suprimidos y\/o modificados  durante el periodo del \ntiempo transcurrido desde la \u00faltima copia de  seguridad. Los servicios \nofertados, excepto los servicios espec\u00edficos de  backup, no incluyen la \nreposici\u00f3n de los contenidos conservados en las  copias de seguridad \nrealizadas por Shakespeare Languages Institute, S.L., cuando esta \np\u00e9rdida sea imputable  al usuario; en este caso, se determinar\u00e1 una \ntarifa acorde a la  complejidad y volumen de la recuperaci\u00f3n, siempre \nprevia aceptaci\u00f3n del  usuario.<\/p>\n\n\n\n<p>La reposici\u00f3n de datos borrados s\u00f3lo est\u00e1 incluida en el precio del  \nservicio cuando la p\u00e9rdida del contenido sea debida a causas atribuibles\n  a Shakespeare Languages Institute,  S.L.. Comunicaciones comerciales \nEn aplicaci\u00f3n de la LSSI. Shakespeare Languages Institute, S.L. no \nenviar\u00e1  comunicaciones publicitarias o promocionales por correo \nelectr\u00f3nico u  otro medio de comunicaci\u00f3n electr\u00f3nica equivalente que \npreviamente no  hubieran sido solicitadas o expresamente autorizadas por\n los  destinatarios de las mismas.<\/p>\n\n\n\n<p>En el caso de usuarios con los que exista una relaci\u00f3n contractual  \nprevia, Shakespeare Languages Institute, S.L. s\u00ed est\u00e1 autorizado al \nenv\u00edo de comunicaciones  comerciales referentes a productos o servicios \nde Shakespeare Languages Institute, S.L. que sean similares a  los que \ninicialmente fueron objeto de contrataci\u00f3n con el cliente.<\/p>\n\n\n\n<p>En todo caso, el usuario, tras acreditar su identidad, podr\u00e1 \nsolicitar que no se le haga llegar m\u00e1s informaci\u00f3n comercial a trav\u00e9s de\n los canales de Atenci\u00f3n al Cliente.<\/p>\n\n\n\n<p><strong>\u00daltima revisi\u00f3n: febrero 2020<\/strong><\/p>","protected":false},"excerpt":{"rendered":"<p>Protecci\u00f3n de datos de car\u00e1cter personal seg\u00fan la LOPD Shakespeare Languages Institute, S.L., en aplicaci\u00f3n de la normativa vigente en materia de protecci\u00f3n de datos de car\u00e1cter personal, informa que los datos personales que se recogen a trav\u00e9s de los formularios del Sitio web: www.shakespeare-li.com, se incluyen en los ficheros automatizados espec\u00edficos de usuarios de [&hellip;]<\/p>","protected":false},"author":1,"featured_media":0,"parent":0,"menu_order":0,"comment_status":"closed","ping_status":"closed","template":"","meta":{"_et_pb_use_builder":"off","_et_pb_old_content":"","_et_gb_content_width":"1080"},"_links":{"self":[{"href":"https:\/\/www.shakespeare-li.com\/en\/wp-json\/wp\/v2\/pages\/63"}],"collection":[{"href":"https:\/\/www.shakespeare-li.com\/en\/wp-json\/wp\/v2\/pages"}],"about":[{"href":"https:\/\/www.shakespeare-li.com\/en\/wp-json\/wp\/v2\/types\/page"}],"author":[{"embeddable":true,"href":"https:\/\/www.shakespeare-li.com\/en\/wp-json\/wp\/v2\/users\/1"}],"replies":[{"embeddable":true,"href":"https:\/\/www.shakespeare-li.com\/en\/wp-json\/wp\/v2\/comments?post=63"}],"version-history":[{"count":2,"href":"https:\/\/www.shakespeare-li.com\/en\/wp-json\/wp\/v2\/pages\/63\/revisions"}],"predecessor-version":[{"id":65,"href":"https:\/\/www.shakespeare-li.com\/en\/wp-json\/wp\/v2\/pages\/63\/revisions\/65"}],"wp:attachment":[{"href":"https:\/\/www.shakespeare-li.com\/en\/wp-json\/wp\/v2\/media?parent=63"}],"curies":[{"name":"wp","href":"https:\/\/api.w.org\/{rel}","templated":true}]}}