{"id":66,"date":"2020-02-01T11:12:00","date_gmt":"2020-02-01T11:12:00","guid":{"rendered":"https:\/\/www.shakespeare-li.com\/?page_id=66"},"modified":"2020-02-01T11:18:37","modified_gmt":"2020-02-01T11:18:37","slug":"politica-de-cookies","status":"publish","type":"page","link":"https:\/\/www.shakespeare-li.com\/en\/politica-de-cookies\/","title":{"rendered":"Pol\u00edtica de cookies"},"content":{"rendered":"<p><strong>Shakespeare Languages Institute, S.L. informa acerca del uso de las cookies en su p\u00e1gina web:  www.shakespeare-li.com<\/strong><\/p>\n\n\n\n<p><strong>\u00bfQu\u00e9 son las cookies?<\/strong><\/p>\n\n\n\n<p>Las cookies son archivos que se pueden descargar en su equipo a \ntrav\u00e9s de las p\u00e1ginas web. Son herramientas que tienen un papel esencial\n para la prestaci\u00f3n de numerosos servicios de la sociedad de la \ninformaci\u00f3n. Entre otros,&nbsp;permiten a una p\u00e1gina web almacenar y \nrecuperar informaci\u00f3n sobre los h\u00e1bitos de navegaci\u00f3n de un usuario o de\n su&nbsp;equipo y, dependiendo de la informaci\u00f3n obtenida, se pueden utilizar\n para reconocer al usuario y mejorar el servicio&nbsp;ofrecido.<\/p>\n\n\n\n<p><strong>Tipos de cookies<\/strong><\/p>\n\n\n\n<p><strong>Seg\u00fan quien sea la entidad que gestione el dominio desde \ndonde se env\u00edan las cookies y trate los datos que se&nbsp;obtengan se pueden \ndistinguir dos tipos:<\/strong><\/p>\n\n\n\n<ul><li><strong>Cookies propias:<\/strong>&nbsp;Aqu\u00e9llas que se env\u00edan al equipo \nterminal del usuario desde un equipo o dominio gestionado por el&nbsp;propio \neditor y desde el que se presta el servicio solicitado por el usuario.<\/li><li><strong>Cookies de terceros:<\/strong>&nbsp;Aqu\u00e9llas que se env\u00edan al \nequipo terminal del usuario desde un equipo o dominio que no es \ngestionado por el editor, sino por otra entidad que trata los datos \nobtenidos trav\u00e9s de las cookies.<\/li><\/ul>\n\n\n\n<p>En el caso de que las cookies sean instaladas desde un equipo o \ndominio gestionado por el propio editor pero la informaci\u00f3n que se \nrecoja mediante \u00e9stas sea gestionada por un tercero, no pueden ser \nconsideradas como cookies propias.<\/p>\n\n\n\n<p><strong>Existe tambi\u00e9n una segunda clasificaci\u00f3n seg\u00fan el plazo de  tiempo que permanecen almacenadas en el navegador del cliente, pudiendo tratarse de:<\/strong><\/p>\n\n\n\n<ul><li><strong>Cookies de sesi\u00f3n:<\/strong> Dise\u00f1adas para recabar y \nalmacenar datos mientras el usuario accede a una p\u00e1gina web. Se suelen \nemplear para almacenar informaci\u00f3n que solo interesa conservar para la \nprestaci\u00f3n del servicio solicitado por el usuario en una sola ocasi\u00f3n \n(p.e. una lista de productos adquiridos).<\/li><li><strong>Cookies persistentes:<\/strong> Los datos siguen almacenados \nen el terminal y pueden ser accedidos y tratados durante un periodo \ndefinido por el responsable de la cookie, y que puede ir de unos minutos\n a varios a\u00f1os.<\/li><\/ul>\n\n\n\n<p><strong>Por \u00faltimo, existe otra clasificaci\u00f3n con seis tipos de cookies seg\u00fan la finalidad para la que se traten los datos obtenidos:<\/strong><\/p>\n\n\n\n<ul><li><strong>Cookies t\u00e9cnicas:<\/strong> Aquellas que permiten al usuario \nla navegaci\u00f3n a trav\u00e9s de una p\u00e1gina web, plataforma o aplicaci\u00f3n y la \nutilizaci\u00f3n de las diferentes opciones o servicios que en ella existan \ncomo, por ejemplo, controlar el tr\u00e1fico y la comunicaci\u00f3n de datos, \nidentificar la sesi\u00f3n, acceder a partes de acceso restringido, recordar \nlos elementos que integran un pedido, realizar el proceso de compra de \nun pedido, realizar la solicitud de inscripci\u00f3n o participaci\u00f3n en un \nevento, utilizar elementos de seguridad durante la navegaci\u00f3n, almacenar\n contenidos para la difusi\u00f3n de v\u00eddeos o sonido o compartir contenidos a\n trav\u00e9s de redes sociales.<\/li><li><strong>Cookies de personalizaci\u00f3n:<\/strong> Permiten al usuario \nacceder al servicio con algunas caracter\u00edsticas de car\u00e1cter general \npredefinidas en funci\u00f3n de una serie de criterios en el terminal del \nusuario como por ejemplo serian el idioma, el tipo de navegador a trav\u00e9s\n del cual accede al servicio, la configuraci\u00f3n regional desde donde \naccede al servicio, etc.<\/li><li><strong>Cookies de an\u00e1lisis: <\/strong>Permiten al responsable de las\n mismas, el seguimiento y an\u00e1lisis del comportamiento de los usuariosde \nlos sitios web a los que est\u00e1n vinculadas. La informaci\u00f3n recogida \nmediante este tipo de cookies seutiliza en la medici\u00f3n de la actividad \nde los sitios web, aplicaci\u00f3n o plataforma y para la elaboraci\u00f3n de \nperfiles de navegaci\u00f3n de los usuarios de dichos sitios, aplicaciones y \nplataformas, con el fin de introducir mejoras en funci\u00f3n del an\u00e1lisis de\n los datos de uso que hacen los usuarios del servicio.<\/li><li><strong>Cookies publicitarias:<\/strong> Permiten la gesti\u00f3n, de la forma m\u00e1s eficaz posible, de los espacios publicitarios.<\/li><li><strong>Cookies de publicidad comportamental:<\/strong> Almacenan \ninformaci\u00f3n del comportamiento de los usuarios obtenida a trav\u00e9s de la \nobservaci\u00f3n continuada de sus h\u00e1bitos de navegaci\u00f3n, lo que permite \ndesarrollar un perfil espec\u00edfico para mostrar publicidad en funci\u00f3n del \nmismo.<\/li><li><strong>Cookies de redes sociales externas:<\/strong> Se utilizan \npara que los visitantes puedan interactuar con el contenido de \ndiferentes plataformas sociales (facebook, youtube, twitter, linkedIn, \netc..) y que se generen \u00fanicamente para los usuarios de dichas redes \nsociales. Las condiciones de utilizaci\u00f3n de estas cookies y la \ninformaci\u00f3n recopilada se regula por la pol\u00edtica de privacidad de la \nplataforma social correspondiente.<\/li><\/ul>\n\n\n\n<p><strong>Desactivaci\u00f3n y eliminaci\u00f3n de cookies<\/strong><\/p>\n\n\n\n<p>Tienes la opci\u00f3n de permitir, bloquear o eliminar las cookies \ninstaladas en tu equipo mediante la configuraci\u00f3n de las opciones del \nnavegador instalado en su equipo. Al desactivar cookies, algunos de los \nservicios disponibles podr\u00edan dejar de estar operativos. La forma de \ndeshabilitar las cookies es diferente para cada navegador, pero \nnormalmente puede hacerse desde el men\u00fa Herramientas u Opciones. Tambi\u00e9n\n puede consultarse el men\u00fa de Ayuda del navegador d\u00f3nde puedes encontrar\n instrucciones. El usuario podr\u00e1 en cualquier momento elegir qu\u00e9 cookies\n quiere que funcionen en este sitio web.<\/p>\n\n\n\n<p>Puede usted permitir, bloquear o eliminar las cookies instaladas en \nsu equipo mediante la configuraci\u00f3n de las opciones del navegador \ninstalado en su ordenador:<\/p>\n\n\n\n<ul><li>Microsoft Internet Explorer o Microsoft Edge: http:\/\/windows.microsoft.com\/es-es\/windows-vista\/Block-or-allow-cookies<\/li><li>Mozilla Firefox: http:\/\/support.mozilla.org\/es\/kb\/impedir-que-los-sitios-web-guarden-sus-preferencia<\/li><li>Chrome: https:\/\/support.google.com\/accounts\/answer\/61416?hl=es<\/li><li>Safari: http:\/\/safari.helpmax.net\/es\/privacidad-y-seguridad\/como-gestionar-las-cookies\/<\/li><li>Opera: http:\/\/help.opera.com\/Linux\/10.60\/es-ES\/cookies.html<\/li><\/ul>\n\n\n\n<p>Adem\u00e1s, tambi\u00e9n puede gestionar el almac\u00e9n de cookies en su navegador a trav\u00e9s de herramientas como las siguientes:<\/p>\n\n\n\n<ul><li>Ghostery: www.ghostery.com\/<\/li><li>Your Online Choices: www.youronlinechoices.com\/es\/<\/li><\/ul>\n\n\n\n<p><strong>Cookies utilizadas en www.shakespeare-li.com<\/strong><\/p>\n\n\n\n<p>A continuaci\u00f3n se identifican las cookies que est\u00e1n siendo utilizadas en este portal as\u00ed como su tipolog\u00eda y funci\u00f3n:<\/p>\n\n\n\n<p><strong>Aceptaci\u00f3n de la Pol\u00edtica de cookies<\/strong><\/p>\n\n\n\n<p>www.shakespeare-li.com, asume que usted acepta el uso de cookies. No  obstante, muestra informaci\u00f3n sobre su Pol\u00edtica de cookies en la parte  inferior o superior de cualquier p\u00e1gina del portal con cada inicio de  sesi\u00f3n con el objeto de que usted sea consciente.<\/p>\n\n\n\n<p><strong>Ante esta informaci\u00f3n es posible llevar a cabo las siguientes acciones:<\/strong><\/p>\n\n\n\n<ul><li>Aceptar cookies: No se volver\u00e1 a visualizar este aviso al acceder a cualquier p\u00e1gina del portal durante la presente sesi\u00f3n.<\/li><li>Cerrar: Se oculta el aviso en la presente p\u00e1gina.<\/li><li>Modificar su configuraci\u00f3n: Podr\u00e1 obtener m\u00e1s informaci\u00f3n sobre qu\u00e9  son las cookies, conocer la Pol\u00edtica de cookies de: www.shakespeare-li.com y  modificar la configuraci\u00f3n de su navegador.<\/li><\/ul>\n\n\n\n<p><strong>\u00daltima revisi\u00f3n: febrero de 2020<\/strong><\/p>","protected":false},"excerpt":{"rendered":"<p>Shakespeare Languages Institute, S.L. informa acerca del uso de las cookies en su p\u00e1gina web: www.shakespeare-li.com \u00bfQu\u00e9 son las cookies? Las cookies son archivos que se pueden descargar en su equipo a trav\u00e9s de las p\u00e1ginas web. Son herramientas que tienen un papel esencial para la prestaci\u00f3n de numerosos servicios de la sociedad de la [&hellip;]<\/p>","protected":false},"author":1,"featured_media":0,"parent":0,"menu_order":0,"comment_status":"closed","ping_status":"closed","template":"","meta":{"_et_pb_use_builder":"off","_et_pb_old_content":"","_et_gb_content_width":"1080"},"_links":{"self":[{"href":"https:\/\/www.shakespeare-li.com\/en\/wp-json\/wp\/v2\/pages\/66"}],"collection":[{"href":"https:\/\/www.shakespeare-li.com\/en\/wp-json\/wp\/v2\/pages"}],"about":[{"href":"https:\/\/www.shakespeare-li.com\/en\/wp-json\/wp\/v2\/types\/page"}],"author":[{"embeddable":true,"href":"https:\/\/www.shakespeare-li.com\/en\/wp-json\/wp\/v2\/users\/1"}],"replies":[{"embeddable":true,"href":"https:\/\/www.shakespeare-li.com\/en\/wp-json\/wp\/v2\/comments?post=66"}],"version-history":[{"count":2,"href":"https:\/\/www.shakespeare-li.com\/en\/wp-json\/wp\/v2\/pages\/66\/revisions"}],"predecessor-version":[{"id":68,"href":"https:\/\/www.shakespeare-li.com\/en\/wp-json\/wp\/v2\/pages\/66\/revisions\/68"}],"wp:attachment":[{"href":"https:\/\/www.shakespeare-li.com\/en\/wp-json\/wp\/v2\/media?parent=66"}],"curies":[{"name":"wp","href":"https:\/\/api.w.org\/{rel}","templated":true}]}}